{"id":9391,"date":"2022-11-16T10:46:22","date_gmt":"2022-11-16T10:46:22","guid":{"rendered":"https:\/\/fhlux.lu\/web\/?page_id=9391"},"modified":"2026-03-17T13:55:51","modified_gmt":"2026-03-17T12:55:51","slug":"journee-nationale-du-patient-partenaire-2022","status":"publish","type":"page","link":"https:\/\/fhlux.lu\/web\/agenda\/journees-thematiques\/journee-nationale-du-patient-partenaire-2022\/","title":{"rendered":"Journ\u00e9e nationale du patient partenaire 2022"},"content":{"rendered":"<div lang=\"fr\"><span style=\"font-size: 16px;\">JOURN\u00c9E NATIONALE DU PATIENT PARTENAIRE<\/span><\/p>\n<p><span class=\"jnpp-2022-title-vert\">Aller \u00e0 l\u2019\u00e9coute du patient et encourager sa participation active<\/span><\/p>\n<p><img loading=\"lazy\" class=\"journee-nationale-du-patient-partenaire-1 alignright wp-image-9432 size-full\" src=\"https:\/\/fhlux.lu\/web\/wp-content\/uploads\/2022\/11\/fhlux.lu-patientpartenaire.lu-journee-nationale-du-patient-partenaire-fr.jpg\" alt=\"\" width=\"1703\" height=\"2395\" srcset=\"https:\/\/fhlux.lu\/web\/wp-content\/uploads\/2022\/11\/fhlux.lu-patientpartenaire.lu-journee-nationale-du-patient-partenaire-fr.jpg 1703w, https:\/\/fhlux.lu\/web\/wp-content\/uploads\/2022\/11\/fhlux.lu-patientpartenaire.lu-journee-nationale-du-patient-partenaire-fr-213x300.jpg 213w, https:\/\/fhlux.lu\/web\/wp-content\/uploads\/2022\/11\/fhlux.lu-patientpartenaire.lu-journee-nationale-du-patient-partenaire-fr-728x1024.jpg 728w, https:\/\/fhlux.lu\/web\/wp-content\/uploads\/2022\/11\/fhlux.lu-patientpartenaire.lu-journee-nationale-du-patient-partenaire-fr-768x1080.jpg 768w, https:\/\/fhlux.lu\/web\/wp-content\/uploads\/2022\/11\/fhlux.lu-patientpartenaire.lu-journee-nationale-du-patient-partenaire-fr-1092x1536.jpg 1092w, https:\/\/fhlux.lu\/web\/wp-content\/uploads\/2022\/11\/fhlux.lu-patientpartenaire.lu-journee-nationale-du-patient-partenaire-fr-1456x2048.jpg 1456w\" sizes=\"(max-width: 1703px) 100vw, 1703px\" \/><strong>Le 8 d\u00e9cembre a eu lieu la premi\u00e8re \u00e9dition de la journ\u00e9e nationale du patient-partenaire. Objectifs ? D\u00e9marrer, au Luxembourg, un processus de r\u00e9flexion autour du concept de partenariat-patient, en reconnaissant le patient comme un acteur de soins \u00e0 part enti\u00e8re, et soutenir ainsi un processus d\u2019am\u00e9lioration continue de la qualit\u00e9 du parcours de soins. <\/strong><\/p>\n<p>Avec la journ\u00e9e nationale du patient-partenaire, la FHL ambitionne d\u2019introduire dans le d\u00e9bat public luxembourgeois les notions de partenariat avec le patient ou de patient-partenaire, afin de mettre en lumi\u00e8re l\u2019int\u00e9r\u00eat de la participation active du patient et du citoyen autour des questions de sant\u00e9, mais aussi de <strong>sensibiliser tant le grand public que le secteur de la sant\u00e9<\/strong> dans son ensemble et d\u2019entamer un travail de fond qui se poursuivra encore bien apr\u00e8s cette premi\u00e8re \u00e9dition.<\/p>\n<p>En amont de la premi\u00e8re \u00e9dition de la Journ\u00e9e nationale du patient-partenaire, un <b>travail de fond en collaboration avec les \u00e9tablissements<\/b> a \u00e9t\u00e9 men\u00e9 sous forme d\u2019ateliers entre patients et soignants. Ces ateliers ont permis de pr\u00e9ciser et prioriser diff\u00e9rents aspects du th\u00e8me du partenariat-patient. Ainsi, un <a href=\"https:\/\/fhlux.lu\/web\/wp-content\/uploads\/2022\/11\/fhlux.lu-patientpartenaire.lu-journee-nationale-du-patient-partenaire-rapport-ateliers.pdf\" target=\"_blank\" rel=\"noopener noreferrer\"><b>rapport de synth\u00e8se<\/b><\/a> de ce travail de consultation a servi de r\u00e9f\u00e9rence pour la journ\u00e9e et servira de base pour la suite des travaux.<\/p>\n<p>Lors de cette journ\u00e9e a eu lieu une table ronde \u00e0 la radio 100,7 avec\u00a0Mme Paulette Lenert,\u00a0ministre de la Sant\u00e9, et avec des patients, des repr\u00e9sentants des patients et des institutions. Les \u00e9tablissements FHL ont organis\u00e9, dans la mesure du possible, une <b>retransmission<\/b> directe dans leurs locaux de la table ronde et ont invit\u00e9 notamment leur personnel et leurs patients \u00e0 y assister. Une <b>campagne d\u2019information et de sensibilisation<\/b> a \u00e9t\u00e9 lanc\u00e9e au sein des h\u00f4pitaux et par la FHL autour des th\u00e8mes de partenariat-patient et du concept de \u00ab patient-partenaire \u00bb sous diff\u00e9rents angles d\u2019attaque. Dans la presse, des articles dans plusieurs m\u00e9dias ont permis de montrer des exemples de mise en pratique et les enjeux du patient-partenaire de diff\u00e9rents points de vue.<\/p>\n<hr class=\"jnpp-2022-hr\" \/>\n<p><strong>Stream du webinaire<\/strong> :<\/p>\n    <div class=\"video-wrapper\" data-type=\"vimeo\" data-id=\"778758606\"><\/div>\n\n    <style>\n    .video-wrapper {\n        position: relative;\n        width: 100%;\n        max-width: 960px;\n        margin: 20px auto;\n        cursor: pointer;\n        overflow: hidden;\n        background: #000;\n        padding-top: 56.25%;\n    }\n    .video-wrapper img,\n    .video-wrapper iframe,\n    .video-wrapper .play-button,\n    .video-wrapper .cookie-overlay {\n        position: absolute;\n        top: 0;\n        left: 0;\n        width: 100%;\n        height: 100%;\n    }\n    .video-wrapper img { object-fit: cover; }\n\n    .video-wrapper .play-button {\n        width: 80px;\n        height: 80px;\n        background: rgba(0,0,0,0.6);\n        border-radius: 50%;\n        display: flex;\n        align-items: center;\n        justify-content: center;\n        top: 50%;\n        left: 50%;\n        transform: translate(-50%, -50%);\n    }\n    .video-wrapper .play-button::after {\n        content: '';\n        border-left: 25px solid #fff;\n        border-top: 15px solid transparent;\n        border-bottom: 15px solid transparent;\n    }\n\n    .video-wrapper .cookie-overlay {\n        bottom: 0;\n        height: auto;\n        padding: 8px 10px;\n        background: rgba(0,0,0,0.7);\n        color: #fff;\n        font-size: 14px;\n        text-align: center;\n        line-height: 1.2;\n        box-sizing: border-box;\n        pointer-events: none;\n    }\n\n    .video-wrapper iframe { border: 0; }\n    <\/style>\n\n    <script>\n    document.addEventListener(\"DOMContentLoaded\", function() {\n\n        document.querySelectorAll('.video-wrapper').forEach(wrapper => {\n\n            const type = wrapper.dataset.type;\n            const videoId = wrapper.dataset.id;\n\n            \/\/ === THUMBNAIL ===\n            if(type === 'youtube') {\n                const thumb = `https:\/\/img.youtube.com\/vi\/${videoId}\/hqdefault.jpg`;\n\n                wrapper.innerHTML = `\n                    <img src=\"${thumb}\" alt=\"\">\n                    <div class=\"play-button\"><\/div>\n                    <div class=\"cookie-overlay\">\n                        En cliquant sur la vid\u00e9o, des cookies essentiels seront cr\u00e9\u00e9s par Vimeo\/YouTube pour le lecteur. Aucun cookie n\u2019est pr\u00e9sent sur ce site avant le clic.\n                    <\/div>\n                `;\n            }\n\n            if(type === 'vimeo') {\n                fetch(`https:\/\/vimeo.com\/api\/oembed.json?url=https:\/\/vimeo.com\/${videoId}`)\n                    .then(res => res.json())\n                    .then(data => {\n                        const thumb = data.thumbnail_url;\n                        wrapper.innerHTML = `\n                            <img src=\"${thumb}\" alt=\"\">\n                            <div class=\"play-button\"><\/div>\n                            <div class=\"cookie-overlay\">\n                                En cliquant sur la vid\u00e9o, des cookies essentiels seront cr\u00e9\u00e9s par Vimeo\/YouTube pour le lecteur. Aucun cookie n\u2019est pr\u00e9sent sur ce site avant le clic.\n                            <\/div>\n                        `;\n                    });\n            }\n\n            \/\/ === CLICK ===\n            wrapper.addEventListener('click', function() {\n\n                if(type === 'youtube') {\n                    wrapper.innerHTML = `\n                        <iframe \n                            src=\"https:\/\/www.youtube-nocookie.com\/embed\/${videoId}\" \n                            allow=\"autoplay; fullscreen; picture-in-picture\" allowfullscreen>\n                        <\/iframe>\n                    `;\n                }\n\n                if(type === 'vimeo') {\n                    wrapper.innerHTML = `\n                        <iframe \n                            src=\"https:\/\/player.vimeo.com\/video\/${videoId}?dnt=1\" \n                            allow=\"autoplay; fullscreen; picture-in-picture\" allowfullscreen>\n                        <\/iframe>\n                    `;\n                }\n\n            });\n\n        });\n\n    });\n    <\/script>\n    \n<p><a href=\"https:\/\/vimeo.com\/778758606?dnt=1\" target=\"_blank\" rel=\"noopener noreferrer\">Am Fong: Journ\u00e9e nationale du patient partenaire<\/a> from <a href=\"https:\/\/vimeo.com\/100komma7\" target=\"_blank\" rel=\"noopener noreferrer\">radio 100,7<\/a> on <a href=\"https:\/\/vimeo.com\" target=\"_blank\" rel=\"noopener noreferrer\">Vimeo<\/a>.<\/p>\n<hr class=\"jnpp-2022-hr\" \/><b>Les prochaines \u00e9tapes<\/b><\/p>\n<p>Alors que le travail d\u00e9but\u00e9 en juillet par le groupe de travail a abouti \u00e0 une premi\u00e8re conclusion le 8 d\u00e9cembre, la journ\u00e9e nationale du patient-partenaire n\u2019\u00e9tait que le point de d\u00e9part d\u2019une d\u00e9marche \u00e0 long terme. Le groupe de travail ayant initi\u00e9 cette initiative sera relanc\u00e9 sous une nouvelle forme et avec une composition \u00e9largie (dont notamment des patients et repr\u00e9sentants des patients). L\u2019objectif de ce nouveau Groupe de Travail (nomm\u00e9 GT Patient-Partenaire), qui d\u00e9butera sous sa nouvelle composition d\u00e9but janvier 2023, est d\u2019analyser les r\u00e9sultats des sept ateliers et de proposer des actions concr\u00e8tes \u00e0 mener en 2023. Les r\u00e9sultats de ces actions seront alors pr\u00e9sent\u00e9s lors de la prochaine \u00e9dition de la journ\u00e9e nationale du patient-partenaire le deuxi\u00e8me jeudi de d\u00e9cembre l\u2019ann\u00e9e prochaine, donc le 14 d\u00e9cembre 2023.<\/p>\n<p>Le Groupe de Travail sera, du moins initialement, coordonn\u00e9e par la FHL, en attentant que le groupe puisse travailler sous l\u2019\u00e9gide des patients et de leurs repr\u00e9sentants.<\/p>\n<hr class=\"jnpp-2022-hr\" \/>\n<p><strong>Revue de presse<\/strong> :<\/p>\n<ul>\n<li>Le Quotidien\u00a0: <a href=\"https:\/\/lequotidien.lu\/a-la-une\/le-patient-est-un-soignant-comme-les-autres\/\" target=\"_blank\" rel=\"noopener noreferrer\">\u00ab\u00a0Le patient est un soignant comme les autres\u00a0\u00bb<\/a><\/li>\n<li>Radio 100,7\u00a0: <a href=\"https:\/\/www.100komma7.lu\/article\/aktualiteit\/am-fong-journee-nationale-patient-partenaire\" target=\"_blank\" rel=\"noopener noreferrer\">Am Fong: Journ\u00e9e nationale Patient-Partenaire<\/a><\/li>\n<li>Tageblatt\u00a0: <a href=\"https:\/\/www.tageblatt.lu\/headlines\/der-patient-als-experte-premiere-in-luxemburg-und-im-chem\/\" target=\"_blank\" rel=\"noopener noreferrer\">Der Patient als Experte: Premiere in Luxemburg und im CHEM<\/a><\/li>\n<li>Luxemburger Wort: <a href=\"https:\/\/www.wort.lu\/de\/lokales\/wir-brauchen-eine-partnerschaft-zwischen-arzt-und-patient-63920478de135b923698202d\" target=\"_blank\" rel=\"noopener noreferrer\">\u201eDer Patient soll eine aktive Rolle \u00fcbernehmen\u201c<\/a><\/li>\n<\/ul>\n<hr class=\"jnpp-2022-hr\" \/>\n<div class=\"row\">\n<div class=\"column\">\n<p><strong>T\u00e9l\u00e9chargements<\/strong> :<\/p>\n<ul>\n<li><a href=\"https:\/\/fhlux.lu\/web\/wp-content\/uploads\/2022\/12\/fhlux.lu-patientpartenaire.lu-journee-nationale-du-patient-partenaire-premiere-edition.pdf\" target=\"_blank\" rel=\"noopener noreferrer\"> Premi\u00e8re \u00e9dition de la Journ\u00e9e nationale du patient-partenaire <\/a><\/li>\n<li><a href=\"https:\/\/fhlux.lu\/web\/wp-content\/uploads\/2022\/11\/fhlux.lu-patientpartenaire.lu-journee-nationale-du-patient-partenaire-A2.pdf\" target=\"_blank\" rel=\"noopener noreferrer\">JNPP Affiche A2<\/a><\/li>\n<li><a href=\"https:\/\/fhlux.lu\/web\/wp-content\/uploads\/2022\/11\/fhlux.lu-patientpartenaire.lu-journee-nationale-du-patient-partenaire-A5.pdf\" target=\"_blank\" rel=\"noopener noreferrer\">JNPP Flyer A6<\/a><\/li>\n<li><a href=\"https:\/\/fhlux.lu\/web\/wp-content\/uploads\/2022\/11\/fhlux.lu-patientpartenaire.lu-journee-nationale-du-patient-partenaire-rapport-ateliers.pdf\" target=\"_blank\" rel=\"noopener noreferrer\">Rapport de synth\u00e8se sur les ateliers participatifs organis\u00e9s en pr\u00e9paration de la journ\u00e9e<\/a><\/li>\n<li><a href=\"https:\/\/fhlux.lu\/web\/wp-content\/uploads\/2022\/12\/fhlux.lu-patientpartenaire.lu-journee-nationale-du-patient-partenaire-communique-de-presse.pdf\" target=\"_blank\" rel=\"noopener noreferrer\">Communiqu\u00e9 de presse<\/a><\/li>\n<\/ul>\n<\/div>\n<div class=\"column\">\n<p><strong>Liens suppl\u00e9mentaires<\/strong> :<\/p>\n<ul>\n<li>Le concept \u00ab patient partenaire \u00bb aux H\u00f4pitaux Robert Schuman : <a href=\"https:\/\/www.hopitauxschuman.lu\/fr\/le-groupe-hrs\/a-propos\/patient-partenaire\/\" target=\"_blank\" rel=\"noopener noreferrer\">www.hopitauxschuman.lu<\/a><\/li>\n<li>Concept du \u00ab PatientenHouse \u00bb au CHL : <a href=\"https:\/\/www.chl.lu\/fr\/dossier\/patientenhouse\" target=\"_blank\" rel=\"noopener noreferrer\">www.chl.lu<\/a><\/li>\n<li>Orienter les soins vers le patient partenaire. Un livre blanc pour la Grande R\u00e9gion : <a href=\"https:\/\/orbilu.uni.lu\/handle\/10993\/44716\" target=\"_blank\" rel=\"noopener noreferrer\">orbilu.uni.lu<\/a><\/li>\n<li>Le \u00ab\u00a0Montreal Model\u00a0\u00bb enjeux du partenariat relationnel entre patients et professionnels de sant\u00e9 : <a href=\"https:\/\/stm.cairn.info\/revue-sante-publique-2015-HS-page-41?lang=fr\" target=\"_blank\" rel=\"noopener noreferrer\">Carin.info<\/a><\/li>\n<li>Le partenariat patient, une pratique collaborative innovante incluant le patient partenaire, site F\u00e9d\u00e9ration des Maisons M\u00e9dicales, Belgique Francophone : <a href=\"https:\/\/www.maisonmedicale.org\/Le-partenariat-patient-une-pratique-collaborative-innovante-incluant-le-patient.html\" target=\"_blank\" rel=\"noopener noreferrer\">www.maisonmedicale.org<\/a><\/li>\n<\/ul>\n<\/div>\n<\/div>\n<div style=\"clear: both; width: 100%;\">\u00a0<\/div>\n<\/div>\n","protected":false},"excerpt":{"rendered":"<p>JOURN\u00c9E NATIONALE DU PATIENT PARTENAIRE Aller \u00e0 l\u2019\u00e9coute du patient et encourager sa participation active Le 8 d\u00e9cembre a eu lieu la premi\u00e8re \u00e9dition de la journ\u00e9e nationale du patient-partenaire. Objectifs ? D\u00e9marrer, au Luxembourg, un processus de r\u00e9flexion autour &hellip; <a href=\"https:\/\/fhlux.lu\/web\/agenda\/journees-thematiques\/journee-nationale-du-patient-partenaire-2022\/\">Continuer la lecture <span class=\"meta-nav\">&rarr;<\/span><\/a><\/p>\n","protected":false},"author":1,"featured_media":0,"parent":10883,"menu_order":4,"comment_status":"closed","ping_status":"closed","template":"template-one-col-fullwidth-jnpp.php","meta":[],"_links":{"self":[{"href":"https:\/\/fhlux.lu\/web\/wp-json\/wp\/v2\/pages\/9391"}],"collection":[{"href":"https:\/\/fhlux.lu\/web\/wp-json\/wp\/v2\/pages"}],"about":[{"href":"https:\/\/fhlux.lu\/web\/wp-json\/wp\/v2\/types\/page"}],"author":[{"embeddable":true,"href":"https:\/\/fhlux.lu\/web\/wp-json\/wp\/v2\/users\/1"}],"replies":[{"embeddable":true,"href":"https:\/\/fhlux.lu\/web\/wp-json\/wp\/v2\/comments?post=9391"}],"version-history":[{"count":94,"href":"https:\/\/fhlux.lu\/web\/wp-json\/wp\/v2\/pages\/9391\/revisions"}],"predecessor-version":[{"id":11493,"href":"https:\/\/fhlux.lu\/web\/wp-json\/wp\/v2\/pages\/9391\/revisions\/11493"}],"up":[{"embeddable":true,"href":"https:\/\/fhlux.lu\/web\/wp-json\/wp\/v2\/pages\/10883"}],"wp:attachment":[{"href":"https:\/\/fhlux.lu\/web\/wp-json\/wp\/v2\/media?parent=9391"}],"curies":[{"name":"wp","href":"https:\/\/api.w.org\/{rel}","templated":true}]}}