{"id":9293,"date":"2022-09-05T12:28:02","date_gmt":"2022-09-05T12:28:02","guid":{"rendered":"https:\/\/fhlux.lu\/web\/?page_id=9293"},"modified":"2025-10-28T14:25:30","modified_gmt":"2025-10-28T13:25:30","slug":"carnet-de-medication","status":"publish","type":"page","link":"https:\/\/fhlux.lu\/web\/info-service\/carnet-de-medication\/","title":{"rendered":"CARNET DE MEDICATION"},"content":{"rendered":"<div lang=\"fr\">\n<p><span class=\"medicaplan-title-orange\">MON PLAN DE M\u00c9DICATION,<\/span> <span class=\"medicaplan-title-vert\">UN VRAI PLUS POUR MA SANT\u00c9.<\/span><\/p>\n<p><img loading=\"lazy\" width=\"859\" height=\"1189\" class=\"image-campagne-medication-1 alignright wp-image-9263 size-full\" src=\"https:\/\/fhlux.lu\/web\/wp-content\/uploads\/2022\/09\/0003_FHL_CAMPAGNE_CARNET_A3-1.jpg\" srcset=\"https:\/\/fhlux.lu\/web\/wp-content\/uploads\/2022\/09\/0003_FHL_CAMPAGNE_CARNET_A3-1.jpg 859w, https:\/\/fhlux.lu\/web\/wp-content\/uploads\/2022\/09\/0003_FHL_CAMPAGNE_CARNET_A3-1-217x300.jpg 217w, https:\/\/fhlux.lu\/web\/wp-content\/uploads\/2022\/09\/0003_FHL_CAMPAGNE_CARNET_A3-1-740x1024.jpg 740w, https:\/\/fhlux.lu\/web\/wp-content\/uploads\/2022\/09\/0003_FHL_CAMPAGNE_CARNET_A3-1-768x1063.jpg 768w\" sizes=\"(max-width: 859px) 100vw, 859px\" \/>Ce plan de m\u00e9dication est un document qui vous permet de noter la liste de tous les m\u00e9dicaments que vous prenez habituellement :<\/p>\n<ul>\n<li>tous les m\u00e9dicaments <span style=\"text-decoration: underline;\">avec ordonnance<\/span> (comprim\u00e9s, gouttes, puffs, sprays, patchs, sirop, pommades, injections, suppositoires, etc.) ;<\/li>\n<li>tous les m\u00e9dicaments <span style=\"text-decoration: underline;\">sans ordonnance<\/span> (y compris vitamines, compl\u00e9ments alimentaires, m\u00e9dicaments \u00e0 base de plantes, hom\u00e9opathie, m\u00e9decines alternatives, etc.).<\/li>\n<\/ul>\n<p><span class=\"medicaplan-orange\">\u25a0<\/span> Pour le remplir, vous pouvez vous faire aider par un professionnel de sant\u00e9 (m\u00e9decin traitant, pharmacien, infirmier&#8230;) ou par un proche.<\/p>\n<p><span class=\"medicaplan-orange\">\u25a0<\/span> Mettez-le \u00e0 jour lors de tout nouveau traitement ou modification de celui-ci.<\/p>\n<p>M\u00e9dicaplan : un outil simple et efficace pour vous soutenir dans la gestion de vos m\u00e9dicaments. Conservez ce document sur vous et pensez \u00e0 le pr\u00e9senter lorsque vous vous rendez chez un professionnel de sant\u00e9 ou \u00e0 l\u2019h\u00f4pital.<\/p>\n<p><strong>Vous pouvez t\u00e9l\u00e9charger le document en cliquant ici : <a href=\"https:\/\/fhlux.lu\/web\/wp-content\/uploads\/2022\/09\/medicaplan.lu-carnet-de-medication.pdf\">plan de m\u00e9dication<\/a><\/strong><\/p>\n<div style=\"clear: both;\">\u00a0<\/div>\n<div class=\"faq\">\n<p><span class=\"medicaplan-title-vert\">Questions \/ R\u00e9ponses<\/span><\/p>\n<div class=\"row\">\n<div class=\"column\"><span class=\"medicaplan-title-orange-petit\">Qui doit remplir ce carnet\u00a0?<\/span><\/p>\n<p>En tant que patient, vous \u00eates acteur de votre sant\u00e9. Il est donc de votre responsabilit\u00e9 de\u00a0:<\/p>\n<ul>\n<li>Remplir ce carnet avec le maximum d\u2019informations<\/li>\n<li>Modifier le contenu lorsqu\u2019il y a un changement dans vos traitements, ou un nouveau traitement<\/li>\n<li>Conserver ce document sur vous pour pouvoir le pr\u00e9senter en cas de besoin<\/li>\n<\/ul>\n<p><span class=\"medicaplan-title-orange-petit\">Comment remplir ce carnet\u00a0?<\/span><\/p>\n<p>Pour remplir le carnet, vous pouvez vous baser sur l\u2019ordonnance (ou les ordonnances) dont vous disposez, sur les boites de m\u00e9dicaments dont vous disposez, ou sur les tickets de caisse de la pharmacie.<\/p>\n<p>Si vous ne savez pas o\u00f9 \u00e9crire une information, utilisez la colonne \u00ab\u00a0Remarques\u00a0\u00bb<\/p>\n<p>Si vous rencontrez des difficult\u00e9s pour le remplir, vous pouvez demander de l\u2019aide \u00e0 un proche ou \u00e0 un professionnel de sant\u00e9 (infirmier, m\u00e9decin, pharmacien, etc\u2026)<\/p>\n<p><span class=\"medicaplan-title-orange-petit\">Si une seule feuille ne suffit pas, puis je utiliser deux feuilles\u00a0?<\/span><\/p>\n<p>Si une feuille ne suffit pas, il est bien s\u00fbr possible d\u2019en utiliser une deuxi\u00e8me, \u00e0 condition d\u2019\u00e9crire clairement sur chaque feuille qu\u2019il en existe une deuxi\u00e8me (en \u00e9crivant 1\/2 sur la premi\u00e8re et 2\/2 sur la seconde par exemple)<\/p>\n<\/div>\n<div class=\"column\"><span class=\"medicaplan-title-orange-petit\">Suis-je oblig\u00e9 d\u2019imprimer le carnet de m\u00e9dication\u00a0?<\/span><\/p>\n<p>Deux options sont possibles pour avoir le carnet de m\u00e9dication sur vous\u00a0:<\/p>\n<ul>\n<li>Utiliser un carnet vierge en papier ou imprimer le carnet disponible sur le site <a href=\"http:\/\/medicaplan.lu\" target=\"_blank\" rel=\"noopener noreferrer\">www.medicaplan.lu<\/a> et le remplir avec un stylo. Vous pouvez alors le plier et le conserver avec vos papiers.<\/li>\n<li>Remplir le carnet format PDF t\u00e9l\u00e9charg\u00e9 sur le site <a href=\"http:\/\/medicaplan.lu\" target=\"_blank\" rel=\"noopener noreferrer\">www.medicaplan.lu<\/a> et l\u2019enregistrer sur un support num\u00e9rique (t\u00e9l\u00e9phone, tablette) que vous devrez pr\u00e9senter au professionnel de sant\u00e9.<\/li>\n<\/ul>\n<p><span class=\"medicaplan-title-orange-petit\">Quelles donn\u00e9es sont recueillies et utilis\u00e9es par medicaplan ?<\/span><\/p>\n<p>Le site Medicaplan ou le document PDF ne recueillent et n\u2019enregistrent aucune donn\u00e9e vous concernant. Si vous choisissez de sauvegarder le fichier PDF que vous avez rempli, les donn\u00e9es ne sont disponibles que dans votre support digital.<\/p>\n<\/div>\n<\/div>\n<\/div>\n<\/div>\n<div lang=\"de\">\n<p><span class=\"medicaplan-title-orange\">MEIN MEDIKAMENTENPLAN,<\/span> <span class=\"medicaplan-title-vert\">EIN ECHTES PLUS F\u00dcR MEINE GESUNDHEIT.<\/span><\/p>\n<p><img loading=\"lazy\" width=\"740\" height=\"1024\" class=\"image-campagne-medication-2 size-large wp-image-9305\" src=\"https:\/\/fhlux.lu\/web\/wp-content\/uploads\/2022\/09\/0003_FHL_CAMPAGNE_CARNET_A3-2-740x1024.jpg\" srcset=\"https:\/\/fhlux.lu\/web\/wp-content\/uploads\/2022\/09\/0003_FHL_CAMPAGNE_CARNET_A3-2-740x1024.jpg 740w, https:\/\/fhlux.lu\/web\/wp-content\/uploads\/2022\/09\/0003_FHL_CAMPAGNE_CARNET_A3-2-217x300.jpg 217w, https:\/\/fhlux.lu\/web\/wp-content\/uploads\/2022\/09\/0003_FHL_CAMPAGNE_CARNET_A3-2-768x1063.jpg 768w, https:\/\/fhlux.lu\/web\/wp-content\/uploads\/2022\/09\/0003_FHL_CAMPAGNE_CARNET_A3-2.jpg 859w\" sizes=\"(max-width: 740px) 100vw, 740px\" \/>Dieser Medikationsplan ist ein Dokument, mit dem Sie eine Liste aller Medikamente erstellen k\u00f6nnen, die Sie regelm\u00e4\u00dfig einnehmen oder verwenden:<\/p>\n<ul>\n<li>Alle <span style=\"text-decoration: underline;\">verschreibungspflichtigen<\/span> Medikamente (Tabletten, Tropfen, Inhalatoren, Sprays, Pflaster, Sirupe, Salben, Injektionen, Z\u00e4pfchen usw.)<\/li>\n<li>Alle <span style=\"text-decoration: underline;\">frei verk\u00e4uflichen<\/span> Medikamente (einschlie\u00dflich Vitaminpr\u00e4paraten, Nahrungserg\u00e4nzungs- mitteln, pflanzlichen Arzneimitteln, hom\u00f6opatischen Mitteln, alternativer Medizin usw.)<\/li>\n<\/ul>\n<p><span class=\"medicaplan-orange\">\u25a0<\/span> Sie k\u00f6nnen sich beim Ausf\u00fcllen von einer medizinischen Fachkraft (Hausarzt, Apotheker, Krankenpfleger usw.) oder von einem Angeh\u00f6rigen unterst\u00fctzen lassen.<\/p>\n<p><span class=\"medicaplan-orange\">\u25a0<\/span> Aktualisieren Sie den Plan bei jeder neuen Behandlung oder \u00c4nderung.<\/p>\n<p>Medicaplan: Ein einfaches und effizientes Hilfsmittel, das Sie bei der Verwaltung Ihrer Medikamente unterst\u00fctzt. Tragen Sie dieses Dokument immer bei sich und denken Sie daran, es bei Arztbesuchen oder im Krankenhaus vorzulegen<\/p>\n<p><strong>Den Dokumentk\u00f6nnen Sie here herunterladen: <a href=\"https:\/\/fhlux.lu\/web\/wp-content\/uploads\/2022\/09\/medicaplan.lu-carnet-de-medication.pdf\">Medikamentenplan<\/a><\/strong><\/p>\n<div style=\"clear: both;\">\u00a0<\/div>\n<div class=\"faq\">\n<p><span class=\"medicaplan-title-vert\">FAQ<\/span><\/p>\n<div class=\"row\">\n<div class=\"column\"><span class=\"medicaplan-title-orange-petit\">Wer sollte dieses heft ausf\u00fcllen?<\/span><\/p>\n<p>Als Patient sind Sie Teilnehmer\/Darsteller Ihrer Gesundheit. Es liegt daher in Ihrer Verantwortung:<\/p>\n<ul>\n<li>Dieses Heft mit m\u00f6glichst vielen Informationen auszuf\u00fcllen,<\/li>\n<li>Den Inhalt zu \u00e4ndern, wenn sich Ihre Behandlung \u00e4ndert oder Sie eine neue Behandlung erhalten,<\/li>\n<li>Tragen Sie dieses Dokument bei sich, damit Sie es bei Bedarf vorzeigen k\u00f6nnen.<\/li>\n<\/ul>\n<p><span class=\"medicaplan-title-orange-petit\">Wie f\u00fclle ich das heft aus?<\/span><\/p>\n<p>Um das Heft auszuf\u00fcllen, k\u00f6nnen Sie sich auf das Rezept\/die Rezepte st\u00fctzen das\/die Sie haben, auf die Medikamentenschachteln die Sie haben oder auf die Kassenzettel der Apotheke.<\/p>\n<p>Wenn Sie nicht wissen, wohin Sie eine Information schreiben sollen, verwenden Sie die Spalte \u00ab\u00a0Bemerkungen\u00a0\u00bb.<\/p>\n<p>Wenn Sie Schwierigkeiten beim Ausf\u00fcllen haben, k\u00f6nnen Sie einen Angeh\u00f6rigen oder eine medizinische Fachkraft (Krankenpfleger, Arzt, Apotheker usw.) um Hilfe bitten.<\/p>\n<p><span class=\"medicaplan-title-orange-petit\">Wenn ein blatt nicht ausreicht, kann ich dann zwei bl\u00e4tter verwenden?<\/span><\/p>\n<p>Wenn ein Blatt nicht ausreicht, kann man nat\u00fcrlich ein zweites Blatt verwenden, sofern man auf jedem Blatt deutlich schreibt, dass es ein zweites gibt (indem man z.B. 1\/2 auf das erste und 2\/2 auf das zweite Blatt schreibt).<\/p>\n<\/div>\n<div class=\"column\"><span class=\"medicaplan-title-orange-petit\">Bin ich verpflichtet, das medikamentenheft auszudrucken?<\/span><\/p>\n<p>Es gibt zwei M\u00f6glichkeiten, den Medikationsplan bei sich zu haben:<\/p>\n<ul>\n<li>Sie k\u00f6nnen ein leeres Papierheft verwenden oder das Heft, das Sie unter <a href=\"http:\/\/medicaplan.lu\">www.medicaplan.lu<\/a> finden, ausdrucken und mit einem Stift ausf\u00fcllen. Sie k\u00f6nnen es dann falten und zusammen mit Ihren Papieren aufbewahren.<\/li>\n<li>Das auf der Website <a href=\"http:\/\/medicaplan.lu\" target=\"_blank\" rel=\"noopener noreferrer\">www.medicaplan.lu<\/a> heruntergeladene Heft im PDF-Format ausf\u00fcllen und auf einem digitalen Datentr\u00e4ger (Telefon, Tablet) speichern, den Sie dem Gesundheitsfachmann vorlegen m\u00fcssen.<\/li>\n<\/ul>\n<p><span class=\"medicaplan-title-orange-petit\">Welche daten werden von medicaplan gesammelt und verwendet?<\/span><\/p>\n<p>Die Medicaplan-Website oder das PDF-Dokument erheben und speichern keinerlei Daten \u00fcber Sie. Wenn Sie die von Ihnen ausgef\u00fcllte PDF-Datei speichern, sind die Daten nur auf Ihrem digitalen Datentr\u00e4ger verf\u00fcgbar.<\/p>\n<\/div>\n<\/div>\n<\/div>\n<\/div>\n","protected":false},"excerpt":{"rendered":"<p>MON PLAN DE M\u00c9DICATION, UN VRAI PLUS POUR MA SANT\u00c9. Ce plan de m\u00e9dication est un document qui vous permet de noter la liste de tous les m\u00e9dicaments que vous prenez habituellement : tous les m\u00e9dicaments avec ordonnance (comprim\u00e9s, gouttes, &hellip; <a href=\"https:\/\/fhlux.lu\/web\/info-service\/carnet-de-medication\/\">Continuer la lecture <span class=\"meta-nav\">&rarr;<\/span><\/a><\/p>\n","protected":false},"author":1,"featured_media":0,"parent":508,"menu_order":70,"comment_status":"closed","ping_status":"closed","template":"template-one-col-fullwidth.php","meta":[],"_links":{"self":[{"href":"https:\/\/fhlux.lu\/web\/wp-json\/wp\/v2\/pages\/9293"}],"collection":[{"href":"https:\/\/fhlux.lu\/web\/wp-json\/wp\/v2\/pages"}],"about":[{"href":"https:\/\/fhlux.lu\/web\/wp-json\/wp\/v2\/types\/page"}],"author":[{"embeddable":true,"href":"https:\/\/fhlux.lu\/web\/wp-json\/wp\/v2\/users\/1"}],"replies":[{"embeddable":true,"href":"https:\/\/fhlux.lu\/web\/wp-json\/wp\/v2\/comments?post=9293"}],"version-history":[{"count":4,"href":"https:\/\/fhlux.lu\/web\/wp-json\/wp\/v2\/pages\/9293\/revisions"}],"predecessor-version":[{"id":9356,"href":"https:\/\/fhlux.lu\/web\/wp-json\/wp\/v2\/pages\/9293\/revisions\/9356"}],"up":[{"embeddable":true,"href":"https:\/\/fhlux.lu\/web\/wp-json\/wp\/v2\/pages\/508"}],"wp:attachment":[{"href":"https:\/\/fhlux.lu\/web\/wp-json\/wp\/v2\/media?parent=9293"}],"curies":[{"name":"wp","href":"https:\/\/api.w.org\/{rel}","templated":true}]}}