{"id":8602,"date":"2020-07-22T07:02:32","date_gmt":"2020-07-22T05:02:32","guid":{"rendered":"https:\/\/fhlux.lu\/web\/?page_id=8602"},"modified":"2025-10-28T15:11:07","modified_gmt":"2025-10-28T14:11:07","slug":"contact","status":"publish","type":"page","link":"https:\/\/fhlux.lu\/web\/contact\/","title":{"rendered":"CONTACT"},"content":{"rendered":"<h3><strong>Pour toute demande \u00e0 adresser au SIST\u00a0:<\/strong><\/h3>\n<ul>\n<li>Mail\u00a0: <a href=\"mailto:sist@fhlux.lu\">sist@fhlux.lu<\/a><\/li>\n<li>TEL : +352 42 41 42 &#8211; 2<\/li>\n<\/ul>\n<h3><strong>Pour toute demande relative au recrutement :<\/strong><\/h3>\n<ul>\n<li>Mail\u00a0: <a href=\"mailto:recrutement@fhlux.lu\">recrutement@fhlux.lu<\/a><\/li>\n<\/ul>\n<h3><strong>Pour toute demande li\u00e9e \u00e0 la protection de vos donn\u00e9es \u00e0 caract\u00e8re personnel :<\/strong><\/h3>\n<ul>\n<li>Mail\u00a0: <a href=\"mailto:dpo@fhlux.lu\">dpo@fhlux.lu<\/a><\/li>\n<\/ul>\n<h3><strong>Pour toute autre demande :<\/strong><\/h3>\n<ul>\n<li>Mail\u00a0: <a href=\"mailto:fhlux@fhlux.lu\">fhlux@fhlux.lu<\/a><\/li>\n<li>TEL : +352 42 41 42 &#8211; 1<\/li>\n<\/ul>\n<h3><strong>O\u00f9 nous trouver :<\/strong><\/h3>\n<ul>\n<li><a href=\"https:\/\/fhlux.lu\/web\/wp-content\/uploads\/2020\/07\/plan-FHL-2020.pdf\" target=\"_blank\" rel=\"noopener noreferrer\">Plan d\u2019acc\u00e8s FHL<\/a><\/li>\n<\/ul>\n<h3><strong>Comment se rendre \u00e0 la FHL en bus ?<\/strong><\/h3>\n<p>\u00c0 quelques minutes de marche de la FHL se trouvent les arr\u00eats \u00ab Strassen, Bourmicht Quai 1 \u00bb et \u00ab Strassen, Atrium Quai 1 \u00bb<\/p>\n<p>Vous pouvez vous y rendre via les lignes de bus suivantes :<\/p>\n<ul>\n<li><a href=\"https:\/\/www.mobiliteit.lu\/fr\/ligne\/bus-10-avl\/\" target=\"_blank\" rel=\"noopener noreferrer\">Ligne 10 :\u00a0 BERTRANGE, Belle \u00c9toile &#8211; STEINSEL, Mich. Rodange Plaz<\/a><\/li>\n<\/ul>\n<p>Pour rechercher vos itin\u00e9raires o\u00f9 que vous soyez et \u00e0 partir du lieu o\u00f9 vous vous trouvez, rendez-vous sur\u00a0<a href=\"https:\/\/www.mobiliteit.lu\/\" target=\"_blank\" rel=\"noopener noreferrer\" data-saferedirecturl=\"https:\/\/www.google.com\/url?q=http:\/\/www.mobiliteit.lu&amp;source=gmail&amp;ust=1646741426887000&amp;usg=AOvVaw3D_OISwWfwcS9-FdDNbSaW\">www.mobiliteit.lu<\/a>.<\/p>\n","protected":false},"excerpt":{"rendered":"<p>Pour toute demande \u00e0 adresser au SIST\u00a0: Mail\u00a0: sist@fhlux.lu TEL : +352 42 41 42 &#8211; 2 Pour toute demande relative au recrutement : Mail\u00a0: recrutement@fhlux.lu Pour toute demande li\u00e9e \u00e0 la protection de vos donn\u00e9es \u00e0 caract\u00e8re personnel : &hellip; <a href=\"https:\/\/fhlux.lu\/web\/contact\/\">Continuer la lecture <span class=\"meta-nav\">&rarr;<\/span><\/a><\/p>\n","protected":false},"author":22,"featured_media":0,"parent":0,"menu_order":50,"comment_status":"closed","ping_status":"closed","template":"fullwidth-page.php","meta":[],"_links":{"self":[{"href":"https:\/\/fhlux.lu\/web\/wp-json\/wp\/v2\/pages\/8602"}],"collection":[{"href":"https:\/\/fhlux.lu\/web\/wp-json\/wp\/v2\/pages"}],"about":[{"href":"https:\/\/fhlux.lu\/web\/wp-json\/wp\/v2\/types\/page"}],"author":[{"embeddable":true,"href":"https:\/\/fhlux.lu\/web\/wp-json\/wp\/v2\/users\/22"}],"replies":[{"embeddable":true,"href":"https:\/\/fhlux.lu\/web\/wp-json\/wp\/v2\/comments?post=8602"}],"version-history":[{"count":26,"href":"https:\/\/fhlux.lu\/web\/wp-json\/wp\/v2\/pages\/8602\/revisions"}],"predecessor-version":[{"id":11107,"href":"https:\/\/fhlux.lu\/web\/wp-json\/wp\/v2\/pages\/8602\/revisions\/11107"}],"wp:attachment":[{"href":"https:\/\/fhlux.lu\/web\/wp-json\/wp\/v2\/media?parent=8602"}],"curies":[{"name":"wp","href":"https:\/\/api.w.org\/{rel}","templated":true}]}}