{"id":552,"date":"2010-12-06T15:21:18","date_gmt":"2010-12-06T15:21:18","guid":{"rendered":"https:\/\/fhlux.lu\/web\/\/?page_id=552"},"modified":"2025-10-29T13:47:40","modified_gmt":"2025-10-29T12:47:40","slug":"statuts","status":"publish","type":"page","link":"https:\/\/fhlux.lu\/web\/lassociation\/statuts\/","title":{"rendered":"STATUTS"},"content":{"rendered":"<p>L&rsquo;association a pour objet le groupement des \u00e9tablissements hospitaliers luxembourgeois, la d\u00e9fense des int\u00e9r\u00eats professionnels de ses membres et la r\u00e9alisation sous toutes ses formes du progr\u00e8s hospitalier pour concourir notamment au bien-\u00eatre du patient. Elle le fera dans un esprit de parfaite ind\u00e9pendance politique et confessionnelle et pourra se doter \u00e0 cette fin des structures n\u00e9cessaires pour remplir ses missions.<\/p>\n<p>Par \u00e9tablissement hospitalier, dans le sens des pr\u00e9sents statuts, il faut entendre un \u00e9tablissement r\u00e9pondant aux conditions cumulatives suivantes:<\/p>\n<ul>\n<li>\u00eatre inscrit au plan hospitalier national<\/li>\n<li>\u00eatre r\u00e9gi par les conventions entre la F\u00e9d\u00e9ration des H\u00f4pitaux Luxembourgeois (FHL) et la Caisse Nationale de Sant\u00e9 (CNS) ou autres organismes de S\u00e9curit\u00e9 Sociale, ainsi que par la Convention Collective de Travail concernant son personnel,<\/li>\n<li>comporter un ou plusieurs services d&rsquo;examens et de traitement dans lesquels les personnes sont admises en vue d&rsquo;y subir un examen ou un traitement m\u00e9dical, chirurgical ou obst\u00e9trical.<\/li>\n<\/ul>\n<p>Est vis\u00e9e \u00e9galement d&rsquo;une fa\u00e7on g\u00e9n\u00e9rale toute institution ou structure publique ou priv\u00e9e qui n&rsquo;est pas express\u00e9ment d\u00e9sign\u00e9e dans les pr\u00e9sents statuts \u00e0 condition cependant de poursuivre une activit\u00e9 dans le domaine m\u00e9dical, de la sant\u00e9 ou des soins en lien avec le secteur hospitalier.<br \/>\nL&rsquo;association a notamment, dans le cadre de son objet d\u00e9fini ci-dessus, comme mission:<\/p>\n<ul>\n<li>d&rsquo;\u00e9laborer la strat\u00e9gie commune \u00e0 moyen et \u00e0 long terme pour le secteur hospitalier, de constituer \u00e0 cet effet une plateforme d&rsquo;\u00e9change et de concertation \u00e9troite entre ses membres ayant pour objectif d&rsquo;arriver \u00e0 un accord sur les dossiers majeurs du secteur,<\/li>\n<li>d&rsquo;assurer, de piloter et de faciliter la mise en \u0153uvre concr\u00e8te des d\u00e9cisions prises en son sein pour mettre en pratique la strat\u00e9gie commune retenue et intervenir en ce sens aupr\u00e8s des acteurs publics et priv\u00e9s,<\/li>\n<li>de mener pour le compte des membres les n\u00e9gociations en vue de la passation avec les institutions de la s\u00e9curit\u00e9 sociale des conventions pr\u00e9vues par les lois et de servir d&rsquo;interm\u00e9diaire pour les questions de principe se posant dans les relations entre ses membres d&rsquo;une part et les autorit\u00e9s publiques et les institutions de s\u00e9curit\u00e9 sociale d&rsquo;autre part,<\/li>\n<li>de repr\u00e9senter ses membres vis-\u00e0-vis de tiers pour les prises de position et actions d\u00e9cid\u00e9es en commun et de mener pour le compte de ses membres les n\u00e9gociations en vue de la passation de conventions de tous genres avec des tiers,<\/li>\n<li>d&rsquo;\u0153uvrer ensemble avec ses membres pour favoriser le progr\u00e8s technique et scientifique ainsi que l&rsquo;innovation,<\/li>\n<li>d&rsquo;organiser et de d\u00e9velopper les rapports avec les associations hospitali\u00e8res \u00e9trang\u00e8res et d&rsquo;adh\u00e9rer aux organismes internationaux visant des buts analogues,<\/li>\n<li>d&rsquo;une mani\u00e8re g\u00e9n\u00e9rale, de veiller et r\u00e9pondre aux int\u00e9r\u00eats communs et aux besoins particuliers de tous ses membres en tenant compte des dispositions l\u00e9gales et r\u00e9glementaires notamment en mati\u00e8re de sant\u00e9 publique.<\/li>\n<\/ul>\n<p><a href=\"https:\/\/fhlux.lu\/web\/wp-content\/uploads\/2025\/10\/Proces-verbal-et-statuts-votee-AGE-publie.pdf\">Consulter les statuts<\/a><\/p>\n","protected":false},"excerpt":{"rendered":"<p>L&rsquo;association a pour objet le groupement des \u00e9tablissements hospitaliers luxembourgeois, la d\u00e9fense des int\u00e9r\u00eats professionnels de ses membres et la r\u00e9alisation sous toutes ses formes du progr\u00e8s hospitalier pour concourir notamment au bien-\u00eatre du patient. Elle le fera dans un &hellip; <a href=\"https:\/\/fhlux.lu\/web\/lassociation\/statuts\/\">Continuer la lecture <span class=\"meta-nav\">&rarr;<\/span><\/a><\/p>\n","protected":false},"author":1,"featured_media":0,"parent":19,"menu_order":70,"comment_status":"closed","ping_status":"closed","template":"fullwidth-page.php","meta":[],"_links":{"self":[{"href":"https:\/\/fhlux.lu\/web\/wp-json\/wp\/v2\/pages\/552"}],"collection":[{"href":"https:\/\/fhlux.lu\/web\/wp-json\/wp\/v2\/pages"}],"about":[{"href":"https:\/\/fhlux.lu\/web\/wp-json\/wp\/v2\/types\/page"}],"author":[{"embeddable":true,"href":"https:\/\/fhlux.lu\/web\/wp-json\/wp\/v2\/users\/1"}],"replies":[{"embeddable":true,"href":"https:\/\/fhlux.lu\/web\/wp-json\/wp\/v2\/comments?post=552"}],"version-history":[{"count":28,"href":"https:\/\/fhlux.lu\/web\/wp-json\/wp\/v2\/pages\/552\/revisions"}],"predecessor-version":[{"id":11281,"href":"https:\/\/fhlux.lu\/web\/wp-json\/wp\/v2\/pages\/552\/revisions\/11281"}],"up":[{"embeddable":true,"href":"https:\/\/fhlux.lu\/web\/wp-json\/wp\/v2\/pages\/19"}],"wp:attachment":[{"href":"https:\/\/fhlux.lu\/web\/wp-json\/wp\/v2\/media?parent=552"}],"curies":[{"name":"wp","href":"https:\/\/api.w.org\/{rel}","templated":true}]}}