{"id":546,"date":"2010-12-06T13:50:57","date_gmt":"2010-12-06T13:50:57","guid":{"rendered":"https:\/\/fhlux.lu\/web\/\/?page_id=546"},"modified":"2026-03-17T11:36:04","modified_gmt":"2026-03-17T10:36:04","slug":"partenaires","status":"publish","type":"page","link":"https:\/\/fhlux.lu\/web\/lassociation\/partenaires\/","title":{"rendered":"PARTENAIRES ET STRUCTURES ASSOCI\u00c9ES"},"content":{"rendered":"<p><strong><span style=\"color: #99cc00;\">PARTENAIRES<\/span><\/strong><\/p>\n<p style=\"text-align: justify;\">La FHL a d\u00e9velopp\u00e9 son activit\u00e9 par le biais de r\u00e9unions de travail sur des th\u00e8mes en relation avec la gestion hospitali\u00e8re et le monde de la Sant\u00e9 en g\u00e9n\u00e9ral. Participent \u00e0 ces r\u00e9unions de travail, outre les divers membres du Conseil d\u2019administration et du Bureau permanent, des repr\u00e9sentants des \u00e9tablissements membres ainsi que des invit\u00e9s externes.<\/p>\n<p style=\"text-align: justify;\">La FHL est \u00e9galement active au sein de groupes au niveau des Minist\u00e8res ou d\u2019autres organisations officielles.<\/p>\n<p style=\"text-align: justify;\">La FHL travaille en partenariat avec :<\/p>\n<ul>\n<li><a href=\"http:\/\/www.eahm.eu.org\/\" target=\"_blank\" rel=\"noopener noreferrer\">AEDH\/EVKD\/EAHM<\/a>: L&rsquo;Association Europ\u00e9ene des Directeurs d&rsquo;H\u00f4pitaux fait force de propositions pour la construction de l&rsquo;Europe sociale et est un interlocuteur pour l&rsquo;industrie de la sant\u00e9.<\/li>\n<li><a href=\"http:\/\/www.hope.be\/\" target=\"_blank\" rel=\"noopener noreferrer\">HOPE<\/a>: L&rsquo;Association promouvoit les am\u00e9liorations dans la sant\u00e9 des citoyens, un haut niveau de professionnalisme dans les soins et l&rsquo;efficience dans l&rsquo;organisation des services et la prise en charge de l&rsquo;humain.<\/li>\n<li><a href=\"http:\/\/www.ihf-fih.org\/sp\" target=\"_blank\" rel=\"noopener noreferrer\">FIH\/IHF<\/a>: La F\u00e9d\u00e9ration internationale des h\u00f4pitaux (FIH) est l&rsquo;association mondiale des organisations de soins de sant\u00e9, ce qui comprend notamment, mais non exclusivement, les associations d&rsquo;h\u00f4pitaux et les organismes repr\u00e9sentatifs ainsi que leurs membres et d&rsquo;autres organisations de soins de sant\u00e9 connexes<\/li>\n<\/ul>\n<p><strong><span style=\"color: #99cc00;\">STRUCTURES ASSOCI\u00c9ES<\/span><\/strong><\/p>\n<p>Dans le cadre de ces projets de mutualisation, la FHL a mis en place de nouvelles structures.<\/p>\n<div class=\"acc-col-left\">\n<div id=\"post_content\">\n<p><strong>MISSIONS<\/strong><\/p>\n<p>Le groupement d\u2019int\u00e9r\u00eat \u00e9conomique <a href=\"https:\/\/www.luxith.lu\/\" target=\"_blank\" rel=\"noopener noreferrer\">LUXITH G.I.E.<\/a> a \u00e9t\u00e9 cr\u00e9\u00e9 le 20 d\u00e9cembre 2012. Il a pour objet la mise en \u0153uvre et l\u2019exploitation des services, logiciels et infrastructures informatiques mutualis\u00e9s de ses membres. Au stade de sa constitution, le Groupement reprend et poursuit les activit\u00e9s de la cellule informatique nationale de la F\u00e9d\u00e9ration des H\u00f4pitaux Luxembourgeois (FHL).<\/p>\n<p><a href=\"https:\/\/www.luxith.lu\/\" target=\"_blank\" rel=\"noopener noreferrer\">LUXITH<\/a> se chargera de la mise en \u0153uvre du plan strat\u00e9gique sectoriel informatique commun du secteur hospitalier qui pr\u00e9voit une mise en commun progressive des comp\u00e9tences informatiques des \u00e9tablissements hospitaliers.<\/p>\n<p><a href=\"https:\/\/www.luxith.lu\/\" target=\"_blank\" rel=\"noopener noreferrer\">LUXITH<\/a> travaillera en \u00e9troite collaboration avec l\u2019Agence eSant\u00e9 afin de r\u00e9aliser des projets communs, comme par exemple le service \u00ab EAI Mammographie \u00bb.<\/p>\n<p>Le groupement comprend les\u00a0m\u00eames membres que la F\u00e9d\u00e9ration des H\u00f4pitaux Luxembourgeois.<\/p>\n<\/div>\n<\/div>\n","protected":false},"excerpt":{"rendered":"<p>PARTENAIRES La FHL a d\u00e9velopp\u00e9 son activit\u00e9 par le biais de r\u00e9unions de travail sur des th\u00e8mes en relation avec la gestion hospitali\u00e8re et le monde de la Sant\u00e9 en g\u00e9n\u00e9ral. Participent \u00e0 ces r\u00e9unions de travail, outre les divers &hellip; <a href=\"https:\/\/fhlux.lu\/web\/lassociation\/partenaires\/\">Continuer la lecture <span class=\"meta-nav\">&rarr;<\/span><\/a><\/p>\n","protected":false},"author":1,"featured_media":0,"parent":19,"menu_order":60,"comment_status":"closed","ping_status":"closed","template":"fullwidth-page.php","meta":[],"_links":{"self":[{"href":"https:\/\/fhlux.lu\/web\/wp-json\/wp\/v2\/pages\/546"}],"collection":[{"href":"https:\/\/fhlux.lu\/web\/wp-json\/wp\/v2\/pages"}],"about":[{"href":"https:\/\/fhlux.lu\/web\/wp-json\/wp\/v2\/types\/page"}],"author":[{"embeddable":true,"href":"https:\/\/fhlux.lu\/web\/wp-json\/wp\/v2\/users\/1"}],"replies":[{"embeddable":true,"href":"https:\/\/fhlux.lu\/web\/wp-json\/wp\/v2\/comments?post=546"}],"version-history":[{"count":62,"href":"https:\/\/fhlux.lu\/web\/wp-json\/wp\/v2\/pages\/546\/revisions"}],"predecessor-version":[{"id":11469,"href":"https:\/\/fhlux.lu\/web\/wp-json\/wp\/v2\/pages\/546\/revisions\/11469"}],"up":[{"embeddable":true,"href":"https:\/\/fhlux.lu\/web\/wp-json\/wp\/v2\/pages\/19"}],"wp:attachment":[{"href":"https:\/\/fhlux.lu\/web\/wp-json\/wp\/v2\/media?parent=546"}],"curies":[{"name":"wp","href":"https:\/\/api.w.org\/{rel}","templated":true}]}}