{"id":520,"date":"2010-12-03T14:18:30","date_gmt":"2010-12-03T14:18:30","guid":{"rendered":"https:\/\/fhlux.lu\/web\/\/?page_id=520"},"modified":"2026-03-30T16:16:43","modified_gmt":"2026-03-30T14:16:43","slug":"job-posts","status":"publish","type":"page","link":"https:\/\/fhlux.lu\/web\/info-service\/job-posts\/","title":{"rendered":"JOBS &#038; STAGES"},"content":{"rendered":"<div><span style=\"font-size: 12pt;\">La F\u00e9d\u00e9ration des h\u00f4pitaux luxembourgeois (FHL) recrute plusieurs profils :<\/span><\/div>\n<div>\u00a0<\/div>\n<ul>\n<li><a href=\"https:\/\/fhlux.lu\/web\/wp-content\/uploads\/2025\/09\/Medecin-du-Travail-202509.pdf\" target=\"_blank\" rel=\"noopener noreferrer\">M\u00e9decin du Travail<\/a><\/li>\n<li><a href=\"https:\/\/fhlux.lu\/web\/wp-content\/uploads\/2025\/10\/Annonce_DPO-Juriste.pdf\" target=\"_blank\" rel=\"noopener noreferrer\">DPO Juriste<\/a><\/li>\n<\/ul>\n<p><img class=\"alignnone size-full wp-image-9204\" src=\"https:\/\/fhlux.lu\/web\/wp-content\/uploads\/2022\/08\/fhl_visuel_recrutement.jpg\" alt=\"\" width=\"100%\" srcset=\"https:\/\/fhlux.lu\/web\/wp-content\/uploads\/2022\/08\/fhl_visuel_recrutement.jpg 2250w, https:\/\/fhlux.lu\/web\/wp-content\/uploads\/2022\/08\/fhl_visuel_recrutement-300x300.jpg 300w, https:\/\/fhlux.lu\/web\/wp-content\/uploads\/2022\/08\/fhl_visuel_recrutement-1024x1024.jpg 1024w, https:\/\/fhlux.lu\/web\/wp-content\/uploads\/2022\/08\/fhl_visuel_recrutement-150x150.jpg 150w, https:\/\/fhlux.lu\/web\/wp-content\/uploads\/2022\/08\/fhl_visuel_recrutement-768x768.jpg 768w, https:\/\/fhlux.lu\/web\/wp-content\/uploads\/2022\/08\/fhl_visuel_recrutement-1536x1536.jpg 1536w, https:\/\/fhlux.lu\/web\/wp-content\/uploads\/2022\/08\/fhl_visuel_recrutement-2048x2048.jpg 2048w\" sizes=\"(max-width: 2250px) 100vw, 2250px\" \/><\/p>\n<p><a href=\"https:\/\/fhlux.lu\/web\/wp-content\/uploads\/2018\/11\/Recrutement_Note-info-candidat_site-WEB.pdf\" target=\"_blank\" rel=\"noreferrer noopener\">Information: donn\u00e9es personnelles et recrutement<\/a><\/p>\n","protected":false},"excerpt":{"rendered":"<p>La F\u00e9d\u00e9ration des h\u00f4pitaux luxembourgeois (FHL) recrute plusieurs profils : \u00a0 M\u00e9decin du Travail DPO Juriste Information: donn\u00e9es personnelles et recrutement<\/p>\n","protected":false},"author":1,"featured_media":0,"parent":508,"menu_order":40,"comment_status":"closed","ping_status":"closed","template":"fullwidth-page.php","meta":[],"_links":{"self":[{"href":"https:\/\/fhlux.lu\/web\/wp-json\/wp\/v2\/pages\/520"}],"collection":[{"href":"https:\/\/fhlux.lu\/web\/wp-json\/wp\/v2\/pages"}],"about":[{"href":"https:\/\/fhlux.lu\/web\/wp-json\/wp\/v2\/types\/page"}],"author":[{"embeddable":true,"href":"https:\/\/fhlux.lu\/web\/wp-json\/wp\/v2\/users\/1"}],"replies":[{"embeddable":true,"href":"https:\/\/fhlux.lu\/web\/wp-json\/wp\/v2\/comments?post=520"}],"version-history":[{"count":231,"href":"https:\/\/fhlux.lu\/web\/wp-json\/wp\/v2\/pages\/520\/revisions"}],"predecessor-version":[{"id":11538,"href":"https:\/\/fhlux.lu\/web\/wp-json\/wp\/v2\/pages\/520\/revisions\/11538"}],"up":[{"embeddable":true,"href":"https:\/\/fhlux.lu\/web\/wp-json\/wp\/v2\/pages\/508"}],"wp:attachment":[{"href":"https:\/\/fhlux.lu\/web\/wp-json\/wp\/v2\/media?parent=520"}],"curies":[{"name":"wp","href":"https:\/\/api.w.org\/{rel}","templated":true}]}}