{"id":516,"date":"2010-12-03T14:17:44","date_gmt":"2010-12-03T14:17:44","guid":{"rendered":"https:\/\/fhlux.lu\/web\/\/?page_id=516"},"modified":"2025-10-28T14:24:33","modified_gmt":"2025-10-28T13:24:33","slug":"publication","status":"publish","type":"page","link":"https:\/\/fhlux.lu\/web\/info-service\/publication\/","title":{"rendered":"PUBLICATIONS"},"content":{"rendered":"<p data-start=\"61\" data-end=\"179\"><strong data-start=\"61\" data-end=\"179\">La page est actuellement en cours de mise \u00e0 jour. L\u2019ensemble des documents \u00e0 t\u00e9l\u00e9charger sera disponible sous peu.<\/strong><\/p>\n","protected":false},"excerpt":{"rendered":"<p>La page est actuellement en cours de mise \u00e0 jour. L\u2019ensemble des documents \u00e0 t\u00e9l\u00e9charger sera disponible sous peu.<\/p>\n","protected":false},"author":1,"featured_media":0,"parent":508,"menu_order":20,"comment_status":"closed","ping_status":"closed","template":"fullwidth-page.php","meta":[],"_links":{"self":[{"href":"https:\/\/fhlux.lu\/web\/wp-json\/wp\/v2\/pages\/516"}],"collection":[{"href":"https:\/\/fhlux.lu\/web\/wp-json\/wp\/v2\/pages"}],"about":[{"href":"https:\/\/fhlux.lu\/web\/wp-json\/wp\/v2\/types\/page"}],"author":[{"embeddable":true,"href":"https:\/\/fhlux.lu\/web\/wp-json\/wp\/v2\/users\/1"}],"replies":[{"embeddable":true,"href":"https:\/\/fhlux.lu\/web\/wp-json\/wp\/v2\/comments?post=516"}],"version-history":[{"count":10,"href":"https:\/\/fhlux.lu\/web\/wp-json\/wp\/v2\/pages\/516\/revisions"}],"predecessor-version":[{"id":11035,"href":"https:\/\/fhlux.lu\/web\/wp-json\/wp\/v2\/pages\/516\/revisions\/11035"}],"up":[{"embeddable":true,"href":"https:\/\/fhlux.lu\/web\/wp-json\/wp\/v2\/pages\/508"}],"wp:attachment":[{"href":"https:\/\/fhlux.lu\/web\/wp-json\/wp\/v2\/media?parent=516"}],"curies":[{"name":"wp","href":"https:\/\/api.w.org\/{rel}","templated":true}]}}