{"id":374,"date":"2010-11-30T18:03:55","date_gmt":"2010-11-30T18:03:55","guid":{"rendered":"https:\/\/fhlux.lu\/web\/\/?page_id=374"},"modified":"2025-10-29T09:44:46","modified_gmt":"2025-10-29T08:44:46","slug":"departements","status":"publish","type":"page","link":"https:\/\/fhlux.lu\/web\/lassociation\/departements\/","title":{"rendered":"D\u00c9PARTEMENTS"},"content":{"rendered":"<p style=\"text-align: justify;\">La FHL d\u00e9veloppe ses activit\u00e9s au travers de ses d\u00e9partements:<\/p>\n","protected":false},"excerpt":{"rendered":"<p>La FHL d\u00e9veloppe ses activit\u00e9s au travers de ses d\u00e9partements:<\/p>\n","protected":false},"author":1,"featured_media":0,"parent":19,"menu_order":40,"comment_status":"closed","ping_status":"closed","template":"fullwidth-page.php","meta":[],"_links":{"self":[{"href":"https:\/\/fhlux.lu\/web\/wp-json\/wp\/v2\/pages\/374"}],"collection":[{"href":"https:\/\/fhlux.lu\/web\/wp-json\/wp\/v2\/pages"}],"about":[{"href":"https:\/\/fhlux.lu\/web\/wp-json\/wp\/v2\/types\/page"}],"author":[{"embeddable":true,"href":"https:\/\/fhlux.lu\/web\/wp-json\/wp\/v2\/users\/1"}],"replies":[{"embeddable":true,"href":"https:\/\/fhlux.lu\/web\/wp-json\/wp\/v2\/comments?post=374"}],"version-history":[{"count":9,"href":"https:\/\/fhlux.lu\/web\/wp-json\/wp\/v2\/pages\/374\/revisions"}],"predecessor-version":[{"id":11263,"href":"https:\/\/fhlux.lu\/web\/wp-json\/wp\/v2\/pages\/374\/revisions\/11263"}],"up":[{"embeddable":true,"href":"https:\/\/fhlux.lu\/web\/wp-json\/wp\/v2\/pages\/19"}],"wp:attachment":[{"href":"https:\/\/fhlux.lu\/web\/wp-json\/wp\/v2\/media?parent=374"}],"curies":[{"name":"wp","href":"https:\/\/api.w.org\/{rel}","templated":true}]}}