{"id":369,"date":"2010-11-30T18:01:25","date_gmt":"2010-11-30T18:01:25","guid":{"rendered":"https:\/\/fhlux.lu\/web\/\/?page_id=369"},"modified":"2025-10-28T14:33:48","modified_gmt":"2025-10-28T13:33:48","slug":"structure","status":"publish","type":"page","link":"https:\/\/fhlux.lu\/web\/lassociation\/structure\/","title":{"rendered":"STRUCTURE"},"content":{"rendered":"<p style=\"text-align: justify;\">La FHL compte actuellement 10 membres, incluant 4 centres hospitaliers , 1 h\u00f4pital g\u00e9n\u00e9ral, 3 centres nationaux (radioth\u00e9rapie, chirurgie cardiaque et cardiologie interventionnelle, r\u00e9\u00e9ducation fonctionnelle et r\u00e9adaptation) et 4 \u00e9tablissements sp\u00e9cialis\u00e9s (gyn\u00e9cologie-obst\u00e9trique, psychiatrie, moyen s\u00e9jour) avec un\u00a0maximun autorisable\u00a03107\u00a0lits de soins aigus, de moyen s\u00e9jour et d&rsquo;hospitalisation longue dur\u00e9e pour un pays d\u2019une surface de 2.586 km2 avec une population de +\/- 500.000 habitants auxquels s\u2019ajoutent journellement\u00a0 +\/- 150.000 frontaliers.<\/p>\n","protected":false},"excerpt":{"rendered":"<p>La FHL compte actuellement 10 membres, incluant 4 centres hospitaliers , 1 h\u00f4pital g\u00e9n\u00e9ral, 3 centres nationaux (radioth\u00e9rapie, chirurgie cardiaque et cardiologie interventionnelle, r\u00e9\u00e9ducation fonctionnelle et r\u00e9adaptation) et 4 \u00e9tablissements sp\u00e9cialis\u00e9s (gyn\u00e9cologie-obst\u00e9trique, psychiatrie, moyen s\u00e9jour) avec un\u00a0maximun autorisable\u00a03107\u00a0lits de soins &hellip; <a href=\"https:\/\/fhlux.lu\/web\/lassociation\/structure\/\">Continuer la lecture <span class=\"meta-nav\">&rarr;<\/span><\/a><\/p>\n","protected":false},"author":1,"featured_media":0,"parent":19,"menu_order":30,"comment_status":"closed","ping_status":"closed","template":"fullwidth-page.php","meta":[],"_links":{"self":[{"href":"https:\/\/fhlux.lu\/web\/wp-json\/wp\/v2\/pages\/369"}],"collection":[{"href":"https:\/\/fhlux.lu\/web\/wp-json\/wp\/v2\/pages"}],"about":[{"href":"https:\/\/fhlux.lu\/web\/wp-json\/wp\/v2\/types\/page"}],"author":[{"embeddable":true,"href":"https:\/\/fhlux.lu\/web\/wp-json\/wp\/v2\/users\/1"}],"replies":[{"embeddable":true,"href":"https:\/\/fhlux.lu\/web\/wp-json\/wp\/v2\/comments?post=369"}],"version-history":[{"count":40,"href":"https:\/\/fhlux.lu\/web\/wp-json\/wp\/v2\/pages\/369\/revisions"}],"predecessor-version":[{"id":6245,"href":"https:\/\/fhlux.lu\/web\/wp-json\/wp\/v2\/pages\/369\/revisions\/6245"}],"up":[{"embeddable":true,"href":"https:\/\/fhlux.lu\/web\/wp-json\/wp\/v2\/pages\/19"}],"wp:attachment":[{"href":"https:\/\/fhlux.lu\/web\/wp-json\/wp\/v2\/media?parent=369"}],"curies":[{"name":"wp","href":"https:\/\/api.w.org\/{rel}","templated":true}]}}