{"id":292,"date":"2010-11-30T16:15:14","date_gmt":"2010-11-30T16:15:14","guid":{"rendered":"https:\/\/fhlux.lu\/web\/\/?page_id=292"},"modified":"2025-10-29T09:44:21","modified_gmt":"2025-10-29T08:44:21","slug":"missions","status":"publish","type":"page","link":"https:\/\/fhlux.lu\/web\/lassociation\/missions\/","title":{"rendered":"MISSIONS &#038; R\u00d4LES"},"content":{"rendered":"<p style=\"text-align: justify;\">La FHL contribue \u00e0 l\u2019am\u00e9lioration continue du syst\u00e8me national de sant\u00e9 dans l\u2019int\u00e9r\u00eat du patient. Elle facilite la collaboration et la compl\u00e9mentarit\u00e9 entre les \u00e9tablissements hospitaliers et les diff\u00e9rents autres acteurs du secteur afin de proposer aux patients la prise en charge la mieux adapt\u00e9e. Unit\u00e9 f\u00e9d\u00e9ratrice, la FHL est ainsi en mesure de d\u00e9fendre les int\u00e9r\u00eats de ses membres et des professionnels de sant\u00e9 en g\u00e9n\u00e9ral et de promouvoir les innovations et les progr\u00e8s hospitaliers sous toutes leurs formes. Elle se donne \u00e9galement pour mission d\u2019informer et de guider les d\u00e9cideurs politiques quant \u00e0 la vision et aux d\u00e9veloppements strat\u00e9giques du secteur hospitalier luxembourgeois et du domaine de la sant\u00e9 dans son ensemble, visant \u00e0 contribuer ainsi \u00e0 un meilleur \u00e9tat de sant\u00e9 et, partant, une meilleure qualit\u00e9 de vie de la population. En tant qu\u2019ASBL, la FHL agit en toute ind\u00e9pendance politique et confessionnelle.<\/p>\n<h3 class=\"title-para\">SES R\u00d4LES<\/h3>\n<p>La FHL est porteuse de diffe\u0301rentes missions destine\u0301es a\u0300 ame\u0301liorer le syste\u0300me hospitalier au Luxembourg et conside\u0300re le patient comme un vrai partenaire dans l\u2019e\u0301laboration des processus de prise en charge applique\u0301s au sein des ho\u0302pitaux.<\/p>\n<p>La FHL :<\/p>\n<ul id=\"les_roles\">\n<li><strong class=\"texte-moyen-vert\">repre\u0301sente<\/strong> le secteur hospitalier vis-a\u0300-vis des institutions publiques dans une approche sectorielle du syste\u0300me de sante\u0301 en jouant son ro\u0302le de pilier central, fe\u0301de\u0301rateur, dynamique et innovant, et en se basant sur les donne\u0301es de sante\u0301 pertinentes partage\u0301es entre ses membres ;<\/li>\n<li><strong class=\"texte-moyen-vert\">informe et guide<\/strong> les de\u0301cideurs politiques sur les visions et les de\u0301veloppements strate\u0301giques du secteur hospitalier luxembourgeois et du domaine de la sante\u0301 dans son ensemble ;<\/li>\n<li><strong class=\"texte-moyen-vert\">facilite et de\u0301veloppe<\/strong> la collaboration, la coordination et l\u2019alignement entre les e\u0301tablissements hospitaliers et entre les acteurs des soins primaires et des soins hospitaliers spe\u0301cialise\u0301s, dans le but d\u2019ame\u0301liorer le parcours du patient en cre\u0301ant un syste\u0300me inte\u0301gre\u0301 de soins ;<\/li>\n<li><strong class=\"texte-moyen-vert\">ge\u0300re et soutient<\/strong> les interfaces du secteur hospitalier avec les autres acteurs du syste\u0300me et se positionne comme plateforme d\u2019e\u0301change pour le personnel me\u0301dical, soignant et administratif. La FHL a pour ambition de mutualiser les services de support hospitaliers et de prise en charge des patients dans le but d\u2019ame\u0301liorer leur efficacite\u0301, leur efficience et leur qualite\u0301 ;<\/li>\n<li><strong class=\"texte-moyen-vert\">assure et coordonne<\/strong> le suivi des re\u0301sultats cliniques et de la qualite\u0301 des prestations dans le milieu hospitalier et promeut la recherche me\u0301dicale et l\u2019innovation technologique dans le cadre des soins hospitaliers, mais surtout la digitalisation du secteur dans son ensemble. Cette dernie\u0300re est une condition sine qua non d\u2019un de\u0301veloppement ambitieux du secteur luxembourgeois de la sante\u0301, au service non seulement des patients, mais aussi du de\u0301veloppement socie\u0301tal et e\u0301conomique en ge\u0301ne\u0301ral ;<\/li>\n<li><strong class=\"texte-moyen-vert\">dialogue<\/strong> avec le patient et souhaite l\u2019engager comme partenaire de sa propre prise en charge dans son parcours de sante\u0301, une collaboration be\u0301ne\u0301fique tant pour le patient- partenaire que pour les structures hospitalie\u0300res dans leur ensemble ;<\/li>\n<li><strong class=\"texte-moyen-vert\">e\u0301labore<\/strong> des visions sur les sujets strate\u0301giques du domaine de la sante\u0301. La FHL soutient et oriente les re\u0301flexions et le travail a\u0300 mener sur l\u2019avenir des e\u0301le\u0301ments fondamentaux du syste\u0300me de sante\u0301 et des modalite\u0301s de son financement au Luxembourg ;<\/li>\n<li><strong class=\"texte-moyen-vert\">sensibilise<\/strong>, informe et sonde le grand public sur les sujets de la sante\u0301 et privile\u0301gie une communication ouverte avec l\u2019ensemble des partenaires du syste\u0300me de sante\u0301. La FHL met tout particulie\u0300rement l\u2019accent sur le dialogue avec les organisations de patients ;<\/li>\n<li><strong class=\"texte-moyen-vert\">organise et promeut<\/strong> la formation professionnelle en termes de compe\u0301tences les plus pertinentes pour l\u2019ensemble des me\u0301tiers de la sante\u0301. La FHL partage des bonnes pratiques pour le de\u0301veloppement des compe\u0301tences et des formations de base, en collaboration e\u0301troite avec les instituts de formation, parmi lesquels l\u2019Universite\u0301 du Luxembourg et le LTPS. Avec tous les acteurs, elle contribue a\u0300 positionner le secteur comme \u00ab employeur \u00bb de choix pour les diffe\u0301rents me\u0301tiers de la sante\u0301.<\/li>\n<\/ul>\n<p>\n<a href=\"https:\/\/fhlux.lu\/web\/wp-content\/uploads\/2022\/05\/fhlux.lu-missions.jpg\" target=\"_blank\" rel=\"noopener noreferrer\"><img loading=\"lazy\" class=\"aligncenter wp-image-9142 size-large\" src=\"https:\/\/fhlux.lu\/web\/wp-content\/uploads\/2022\/05\/fhlux.lu-missions-1024x737.jpg\" alt=\"\" width=\"640\" height=\"461\" srcset=\"https:\/\/fhlux.lu\/web\/wp-content\/uploads\/2022\/05\/fhlux.lu-missions-1024x737.jpg 1024w, https:\/\/fhlux.lu\/web\/wp-content\/uploads\/2022\/05\/fhlux.lu-missions-300x216.jpg 300w, https:\/\/fhlux.lu\/web\/wp-content\/uploads\/2022\/05\/fhlux.lu-missions-768x553.jpg 768w, https:\/\/fhlux.lu\/web\/wp-content\/uploads\/2022\/05\/fhlux.lu-missions.jpg 1205w\" sizes=\"(max-width: 640px) 100vw, 640px\" \/><\/a><\/p>\n","protected":false},"excerpt":{"rendered":"<p>La FHL contribue \u00e0 l\u2019am\u00e9lioration continue du syst\u00e8me national de sant\u00e9 dans l\u2019int\u00e9r\u00eat du patient. Elle facilite la collaboration et la compl\u00e9mentarit\u00e9 entre les \u00e9tablissements hospitaliers et les diff\u00e9rents autres acteurs du secteur afin de proposer aux patients la prise &hellip; <a href=\"https:\/\/fhlux.lu\/web\/lassociation\/missions\/\">Continuer la lecture <span class=\"meta-nav\">&rarr;<\/span><\/a><\/p>\n","protected":false},"author":1,"featured_media":0,"parent":19,"menu_order":10,"comment_status":"closed","ping_status":"closed","template":"fullwidth-page.php","meta":[],"_links":{"self":[{"href":"https:\/\/fhlux.lu\/web\/wp-json\/wp\/v2\/pages\/292"}],"collection":[{"href":"https:\/\/fhlux.lu\/web\/wp-json\/wp\/v2\/pages"}],"about":[{"href":"https:\/\/fhlux.lu\/web\/wp-json\/wp\/v2\/types\/page"}],"author":[{"embeddable":true,"href":"https:\/\/fhlux.lu\/web\/wp-json\/wp\/v2\/users\/1"}],"replies":[{"embeddable":true,"href":"https:\/\/fhlux.lu\/web\/wp-json\/wp\/v2\/comments?post=292"}],"version-history":[{"count":47,"href":"https:\/\/fhlux.lu\/web\/wp-json\/wp\/v2\/pages\/292\/revisions"}],"predecessor-version":[{"id":9151,"href":"https:\/\/fhlux.lu\/web\/wp-json\/wp\/v2\/pages\/292\/revisions\/9151"}],"up":[{"embeddable":true,"href":"https:\/\/fhlux.lu\/web\/wp-json\/wp\/v2\/pages\/19"}],"wp:attachment":[{"href":"https:\/\/fhlux.lu\/web\/wp-json\/wp\/v2\/media?parent=292"}],"curies":[{"name":"wp","href":"https:\/\/api.w.org\/{rel}","templated":true}]}}