{"id":11499,"date":"2026-03-25T10:48:22","date_gmt":"2026-03-25T09:48:22","guid":{"rendered":"https:\/\/fhlux.lu\/web\/?page_id=11499"},"modified":"2026-04-08T10:14:58","modified_gmt":"2026-04-08T08:14:58","slug":"mai-spidol","status":"publish","type":"page","link":"https:\/\/fhlux.lu\/web\/le-secteur-hospitalier\/mai-spidol\/","title":{"rendered":"M\u00c4I SPIDOL"},"content":{"rendered":"<p style=\"text-align: justify;\"><b><i><span lang=\"DE-LU\" style=\"font-size: 14.0pt; font-family: 'Cambria',serif; color: black;\"><img loading=\"lazy\" class=\"wp-image-11509 alignleft\" src=\"https:\/\/fhlux.lu\/web\/wp-content\/uploads\/2026\/03\/Martine-Goergen2-278x300.png\" alt=\"\" width=\"85\" height=\"92\" srcset=\"https:\/\/fhlux.lu\/web\/wp-content\/uploads\/2026\/03\/Martine-Goergen2-278x300.png 278w, https:\/\/fhlux.lu\/web\/wp-content\/uploads\/2026\/03\/Martine-Goergen2-949x1024.png 949w, https:\/\/fhlux.lu\/web\/wp-content\/uploads\/2026\/03\/Martine-Goergen2-768x829.png 768w, https:\/\/fhlux.lu\/web\/wp-content\/uploads\/2026\/03\/Martine-Goergen2.png 1093w\" sizes=\"(max-width: 85px) 100vw, 85px\" \/><\/span><\/i><\/b><\/p>\n<p>&nbsp;<\/p>\n<p style=\"text-align: justify;\"><b><i><span lang=\"DE-LU\" style=\"font-size: 14.0pt; font-family: 'Cambria',serif; color: black;\">An deene verschiddenen Urgencen am Land ginn all Mount am Schn\u00ebtt iwwer 25.000 Patiente gesinn a behandelt.<\/span><\/i><\/b><b><\/b><\/p>\n<p><iframe title=\"YouTube video player\" src=\"https:\/\/www.youtube.com\/embed\/vA0DEu4RtM8?si=FRrprkX976WfwHMx\" width=\"560\" height=\"315\" frameborder=\"0\" allowfullscreen=\"allowfullscreen\"><\/iframe><\/p>\n<p style=\"text-align: justify;\"><span lang=\"DE-LU\" style=\"font-family: 'Cambria',serif; color: black;\">Dr Martine Goergen, Generaldirektesch vum CHL:\u00a0<\/span><\/p>\n<p style=\"text-align: justify;\"><i><span lang=\"DE-LU\" style=\"font-family: 'Cambria',serif; color: black;\">An deene verschiddenen Urgencen am Land ginn all Mount am Schn\u00ebtt iwwer 25.000 Patiente gesinn a behandelt. Op e Joer gesi kennt een op eng Zuel, d\u00e9i m\u00e9i ew\u00e9i en Dr\u00ebttel vun der Bev\u00eblkerung\u00a0\u00a0ausm\u00e9cht. Ouni e staarke Spidolssecteur ass dat net ze packen.<\/span><\/i><\/p>\n<p><img loading=\"lazy\" class=\"wp-image-11540 alignleft\" src=\"https:\/\/fhlux.lu\/web\/wp-content\/uploads\/2026\/04\/Gaston-Schutz2-279x300.png\" alt=\"\" width=\"83\" height=\"89\" srcset=\"https:\/\/fhlux.lu\/web\/wp-content\/uploads\/2026\/04\/Gaston-Schutz2-279x300.png 279w, https:\/\/fhlux.lu\/web\/wp-content\/uploads\/2026\/04\/Gaston-Schutz2-951x1024.png 951w, https:\/\/fhlux.lu\/web\/wp-content\/uploads\/2026\/04\/Gaston-Schutz2-768x827.png 768w, https:\/\/fhlux.lu\/web\/wp-content\/uploads\/2026\/04\/Gaston-Schutz2.png 1003w\" sizes=\"(max-width: 83px) 100vw, 83px\" \/><\/p>\n<p>&nbsp;<\/p>\n<p style=\"text-align: justify;\"><b><i><span lang=\"DE-LU\" style=\"font-size: 14.0pt; font-family: 'Cambria',serif; color: black;\">Mat de Spideeler zesumme suergen eng ganz Rei spezialis\u00e9iert Ariichtunge fir eng beschtm\u00e9iglech Betreiung<\/span><\/i><\/b><b><\/b><\/p>\n<p><iframe title=\"FHL   M\u00e4i Spidol   Dr Gaston Sch\u00fctz\" src=\"https:\/\/www.youtube.com\/embed\/tlvg63uM5c0\" width=\"479\" height=\"852\" frameborder=\"0\" allowfullscreen=\"allowfullscreen\"><\/iframe><\/p>\n<p>Dr Gaston Sch\u00fctz, Direkter vum Rehazenter<\/p>\n<p><em>Mat de Spideeler zesumme suergen eng ganz Rei spezialis\u00e9iert Ariichtunge fir eng beschtm\u00e9iglech Betreiung vun de Patienten. D\u2019Rehabilitatioun ass ee Beispill. Hei g\u00ebtt de Parcours vum Patient, deen aus dem Spidol kennt\u00a0\u00a0weidergefouert.\u00a0\u00a0Des Kontinuit\u00e9it ass wichteg a muss ausgebaut ginn.\u00a0\u00a0<\/em><\/p>\n<p><img loading=\"lazy\" class=\"alignleft  wp-image-11543\" src=\"https:\/\/fhlux.lu\/web\/wp-content\/uploads\/2026\/04\/Sylvain-Vitali2-292x300.png\" alt=\"\" width=\"104\" height=\"107\" srcset=\"https:\/\/fhlux.lu\/web\/wp-content\/uploads\/2026\/04\/Sylvain-Vitali2-292x300.png 292w, https:\/\/fhlux.lu\/web\/wp-content\/uploads\/2026\/04\/Sylvain-Vitali2-768x789.png 768w, https:\/\/fhlux.lu\/web\/wp-content\/uploads\/2026\/04\/Sylvain-Vitali2.png 921w\" sizes=\"(max-width: 104px) 100vw, 104px\" \/><\/p>\n<p>&nbsp;<\/p>\n<p style=\"text-align: justify;\"><b><i><span lang=\"DE-LU\" style=\"font-size: 14.0pt; font-family: 'Cambria',serif; color: black;\">An de Spideeler schaffen Dag fir Dag Dokteren, Soignanten a Leit mat m\u00e9i ew\u00e9i 50 verschidde Beruffsprofiller.<\/span><\/i><\/b><b><\/b><\/p>\n<p><iframe title=\"FHL   M\u00e4i Spidol\" src=\"https:\/\/www.youtube.com\/embed\/2qkzfRxo5vA\" width=\"479\" height=\"852\" frameborder=\"0\" allowfullscreen=\"allowfullscreen\"><\/iframe><\/p>\n<p style=\"text-align: justify;\"><span lang=\"DE-LU\" style=\"font-family: 'Cambria',serif; color: black;\">Sylvain Vitali, Direkter a.i. vun der Spidolsfederatioun:<\/span><\/p>\n<p style=\"text-align: justify;\"><i><span lang=\"DE-LU\" style=\"font-family: 'Cambria',serif; color: black;\">An de Spideeler schaffen Dag fir Dag Dokteren, Soignanten a Leit mat m\u00e9i ew\u00e9i 50 verschidde Beruffsprofiller. E Spidol, dat ass eng Organisatioun an dir vill kleng Rieder aneneegr\u00e4ife mussen.\u00a0\u00a0An am Zentrum steet de Patient.\u00a0\u00a0<\/span><\/i><\/p>\n","protected":false},"excerpt":{"rendered":"<p>&nbsp; An deene verschiddenen Urgencen am Land ginn all Mount am Schn\u00ebtt iwwer 25.000 Patiente gesinn a behandelt. Dr Martine Goergen, Generaldirektesch vum CHL:\u00a0 An deene verschiddenen Urgencen am Land ginn all Mount am Schn\u00ebtt iwwer 25.000 Patiente gesinn a &hellip; <a href=\"https:\/\/fhlux.lu\/web\/le-secteur-hospitalier\/mai-spidol\/\">Continuer la lecture <span class=\"meta-nav\">&rarr;<\/span><\/a><\/p>\n","protected":false},"author":26,"featured_media":0,"parent":477,"menu_order":0,"comment_status":"closed","ping_status":"closed","template":"","meta":[],"_links":{"self":[{"href":"https:\/\/fhlux.lu\/web\/wp-json\/wp\/v2\/pages\/11499"}],"collection":[{"href":"https:\/\/fhlux.lu\/web\/wp-json\/wp\/v2\/pages"}],"about":[{"href":"https:\/\/fhlux.lu\/web\/wp-json\/wp\/v2\/types\/page"}],"author":[{"embeddable":true,"href":"https:\/\/fhlux.lu\/web\/wp-json\/wp\/v2\/users\/26"}],"replies":[{"embeddable":true,"href":"https:\/\/fhlux.lu\/web\/wp-json\/wp\/v2\/comments?post=11499"}],"version-history":[{"count":19,"href":"https:\/\/fhlux.lu\/web\/wp-json\/wp\/v2\/pages\/11499\/revisions"}],"predecessor-version":[{"id":11544,"href":"https:\/\/fhlux.lu\/web\/wp-json\/wp\/v2\/pages\/11499\/revisions\/11544"}],"up":[{"embeddable":true,"href":"https:\/\/fhlux.lu\/web\/wp-json\/wp\/v2\/pages\/477"}],"wp:attachment":[{"href":"https:\/\/fhlux.lu\/web\/wp-json\/wp\/v2\/media?parent=11499"}],"curies":[{"name":"wp","href":"https:\/\/api.w.org\/{rel}","templated":true}]}}