{"id":11293,"date":"2025-11-19T09:08:25","date_gmt":"2025-11-19T08:08:25","guid":{"rendered":"https:\/\/fhlux.lu\/web\/?page_id=11293"},"modified":"2026-03-17T11:22:42","modified_gmt":"2026-03-17T10:22:42","slug":"journee-nationale-du-patient-partenaire-2025","status":"publish","type":"page","link":"https:\/\/fhlux.lu\/web\/agenda\/journees-thematiques\/journee-nationale-du-patient-partenaire-2025\/","title":{"rendered":"Journ\u00e9e nationale du patient partenaire 2025"},"content":{"rendered":"<p>La 4<sup>\u00e8me<\/sup> \u00e9dition de la JNPP aura lieu le <strong>11 d\u00e9cembre 2025 de 09h00 \u00e0 13h00 au <span style=\"color: #800000;\">Batiment H\u00e9micylce<\/span> du ECCL <\/strong>(1 rue du Fort Thungen, L-1499 Luxembourg Kirchberg).<\/p>\n<p><a href=\"https:\/\/eccl.lu\/wp-content\/uploads\/2023\/02\/eccl-guide-acces-fr.pdf\" target=\"_blank\" rel=\"noopener noreferrer\">Guide d&rsquo;acc\u00e8s<\/a><\/p>\n<p>La JNPP 2025 suit trois objectifs :<\/p>\n<ol>\n<li>Pr\u00e9senter les travaux r\u00e9alis\u00e9s \u00e0 ce stade<\/li>\n<li>Pr\u00e9senter les travaux issues des ateliers de la JNPP 2024<\/li>\n<li>Pr\u00e9senter le nouveau Comit\u00e9 de pilotage Patient-partenaire<\/li>\n<\/ol>\n<p>La JNPP 2025 sera cl\u00f4tur\u00e9e par un cocktail ap\u00e9ritif.<\/p>\n<p>&nbsp;<\/p>\n<p><strong>Programme JNPP 2025<\/strong><\/p>\n<p>09h00 : Accueil<\/p>\n<p>09h30 : Allocutions<\/p>\n<ul>\n<li>Dr Marc Berna, Pr\u00e9sident f.f. de la F\u00e9d\u00e9ration des h\u00f4pitaux luxembourgeois<\/li>\n<li>Shirley Feider, Pr\u00e9sidente du Cercle des associations de patients<\/li>\n<li>Martine Deprez, ministre de la Sant\u00e9 et de la S\u00e9curit\u00e9 sociale (par vid\u00e9o message)<\/li>\n<\/ul>\n<p>09h45 : Pr\u00e9sentations de projets du GT Patient-partenaire<\/p>\n<ul>\n<li>La toolbox patient-partenaire &#8211; Emeline Mertens (Paiperleck)<\/li>\n<li>Vademecum SiteWeb &#8211; Anne Leurs (CAPAT)<\/li>\n<\/ul>\n<p>10h00 : Table ronde : L\u2019engagement du patient dans l\u2019institution &#8211; Un retour d&rsquo;exp\u00e9rience<\/p>\n<p><em>10h30 : Pause caf\u00e9<\/em><\/p>\n<p>11h00 : Faire \u00e9voluer le partenariat patient : gouvernance et priorit\u00e9s<\/p>\n<ul>\n<li>Pr\u00e9sentation du plaidoyer patient-partenaire<\/li>\n<li>Pr\u00e9sentation du nouveau Comit\u00e9 de Pilotage Patient-partenaire<\/li>\n<\/ul>\n<p>11h30 : Pr\u00e9sentation de cl\u00f4ture<\/p>\n<ul>\n<li>\n<p>Les organisations de patients au Luxembourg &#8211;\u00a0Une enqu\u00eate pour un r\u00e9pertoire et un \u00e9tat des lieux &#8211; Sabrina Rerman (CAPAT)<\/p>\n<\/li>\n<\/ul>\n<p>12h00 : Cocktail ap\u00e9ritif<\/p>\n<p><a target=\"_blank\" href=\"https:\/\/fhlux.lu\/web\/wp-content\/uploads\/2026\/01\/01-JNPP2025-Slides.pdf\" rel=\"noopener noreferrer\">T\u00e9l\u00e9chargez la pr\u00e9sentation de la JNPP 2025 ici<\/a><\/p>\n","protected":false},"excerpt":{"rendered":"<p>La 4\u00e8me \u00e9dition de la JNPP aura lieu le 11 d\u00e9cembre 2025 de 09h00 \u00e0 13h00 au Batiment H\u00e9micylce du ECCL (1 rue du Fort Thungen, L-1499 Luxembourg Kirchberg). Guide d&rsquo;acc\u00e8s La JNPP 2025 suit trois objectifs : Pr\u00e9senter les &hellip; <a href=\"https:\/\/fhlux.lu\/web\/agenda\/journees-thematiques\/journee-nationale-du-patient-partenaire-2025\/\">Continuer la lecture <span class=\"meta-nav\">&rarr;<\/span><\/a><\/p>\n","protected":false},"author":27,"featured_media":0,"parent":10883,"menu_order":0,"comment_status":"closed","ping_status":"closed","template":"fullwidth-page.php","meta":[],"_links":{"self":[{"href":"https:\/\/fhlux.lu\/web\/wp-json\/wp\/v2\/pages\/11293"}],"collection":[{"href":"https:\/\/fhlux.lu\/web\/wp-json\/wp\/v2\/pages"}],"about":[{"href":"https:\/\/fhlux.lu\/web\/wp-json\/wp\/v2\/types\/page"}],"author":[{"embeddable":true,"href":"https:\/\/fhlux.lu\/web\/wp-json\/wp\/v2\/users\/27"}],"replies":[{"embeddable":true,"href":"https:\/\/fhlux.lu\/web\/wp-json\/wp\/v2\/comments?post=11293"}],"version-history":[{"count":19,"href":"https:\/\/fhlux.lu\/web\/wp-json\/wp\/v2\/pages\/11293\/revisions"}],"predecessor-version":[{"id":11463,"href":"https:\/\/fhlux.lu\/web\/wp-json\/wp\/v2\/pages\/11293\/revisions\/11463"}],"up":[{"embeddable":true,"href":"https:\/\/fhlux.lu\/web\/wp-json\/wp\/v2\/pages\/10883"}],"wp:attachment":[{"href":"https:\/\/fhlux.lu\/web\/wp-json\/wp\/v2\/media?parent=11293"}],"curies":[{"name":"wp","href":"https:\/\/api.w.org\/{rel}","templated":true}]}}