{"id":11140,"date":"2025-10-27T15:28:45","date_gmt":"2025-10-27T14:28:45","guid":{"rendered":"https:\/\/fhlux.lu\/web\/?page_id=11140"},"modified":"2025-10-28T15:02:07","modified_gmt":"2025-10-28T14:02:07","slug":"les-etablissements","status":"publish","type":"page","link":"https:\/\/fhlux.lu\/web\/le-secteur-hospitalier\/les-etablissements\/","title":{"rendered":"LES \u00c9TABLISSEMENTS"},"content":{"rendered":"<p><img loading=\"lazy\" class=\"alignnone size-full wp-image-11273\" src=\"https:\/\/fhlux.lu\/web\/wp-content\/uploads\/2025\/10\/fhlux.lu-le-secteur-hospitalier-les-etablissements.jpg\" alt=\"\" width=\"100%\" height=\"auto\" srcset=\"https:\/\/fhlux.lu\/web\/wp-content\/uploads\/2025\/10\/fhlux.lu-le-secteur-hospitalier-les-etablissements.jpg 1900w, https:\/\/fhlux.lu\/web\/wp-content\/uploads\/2025\/10\/fhlux.lu-le-secteur-hospitalier-les-etablissements-300x208.jpg 300w, https:\/\/fhlux.lu\/web\/wp-content\/uploads\/2025\/10\/fhlux.lu-le-secteur-hospitalier-les-etablissements-1024x711.jpg 1024w, https:\/\/fhlux.lu\/web\/wp-content\/uploads\/2025\/10\/fhlux.lu-le-secteur-hospitalier-les-etablissements-768x534.jpg 768w, https:\/\/fhlux.lu\/web\/wp-content\/uploads\/2025\/10\/fhlux.lu-le-secteur-hospitalier-les-etablissements-1536x1067.jpg 1536w\" sizes=\"(max-width: 1900px) 100vw, 1900px\" \/><\/p>\n<p><span style=\"color: #000000;\"><b>LE SECTEUR HOSPITALIER AU LUXEMBOURG<\/b><\/span><\/p>\n<p>Le secteur hospitalier joue un r\u00f4le central dans le syst\u00e8me de sant\u00e9 national en assurant la prise en charge m\u00e9dico-soignante de l\u2019ensemble des pathologies, en garantissant l\u2019accessibilit\u00e9 aux services m\u00e9dicaux \u00e0 tous les patients et en contribuant \u00e0 la qualit\u00e9 \u00e9lev\u00e9e des soins.<\/p>\n<p>Le secteur hospitalier luxembourgeois, repr\u00e9sent\u00e9 par la FHL regroupe dix \u00e9tablissements hospitaliers, dont\u00a0: \u00a0<\/p>\n<p><strong>Quatre centres hospitaliers<\/strong>, qui assurent une large gamme de prises en charge stationnaires et ambulantes\u00a0:<\/p>\n<ul>\n<li><a href=\"http:\/\/www.chl.lu\" target=\"_blank\" rel=\"noopener noreferrer\">Centre Hospitalier de Luxembourg<\/a> (CHL)<\/li>\n<li><a href=\"https:\/\/www.chem.lu\/\" target=\"_blank\" rel=\"noopener noreferrer\">Centre Hospitalier Emile Mayrisch<\/a> (CHEM)<\/li>\n<li><a href=\"https:\/\/www.chdn.lu\/\" target=\"_blank\" rel=\"noopener noreferrer\">Centre Hospitalier du Nord<\/a> (CHdN)<\/li>\n<li><a href=\"https:\/\/www.hopitauxschuman.lu\/fr\/\" target=\"_blank\" rel=\"noopener noreferrer\">H\u00f4pitaux Robert Schuman<\/a> (HRS)<\/li>\n<\/ul>\n<p><strong>Six \u00e9tablissements sp\u00e9cialis\u00e9s<\/strong> d\u00e9di\u00e9s \u00e0 des pathologies ou besoins sp\u00e9cifiques (ex. cardiologie, oncologie, r\u00e9\u00e9ducation)\u00a0:<\/p>\n<ul>\n<li><a href=\"https:\/\/www.his.lu\/\" target=\"_blank\" rel=\"noopener noreferrer\">H\u00f4pital Intercommunal de Steinfort<\/a> (HIS)<\/li>\n<li><a href=\"https:\/\/www.baclesse.lu\/\" target=\"_blank\" rel=\"noopener noreferrer\">Centre Fran\u00e7ois Baclesse<\/a> (Centre national de radioth\u00e9rapie, CFB)<\/li>\n<li><a href=\"https:\/\/www.rehazenter.lu\/fr\/\" target=\"_blank\" rel=\"noopener noreferrer\">Centre National de R\u00e9\u00e9ducation Fonctionnelle et de R\u00e9adaptation<\/a> (Rehazenter)<\/li>\n<li><a href=\"https:\/\/www.incci.lu\/fr\/\" target=\"_blank\" rel=\"noopener noreferrer\">Institut National de Chirurgie Cardiaque et de Cardiologie Interventionnelle<\/a> (INCCI).<\/li>\n<li><a href=\"https:\/\/www.chnp.lu\/\" target=\"_blank\" rel=\"noopener noreferrer\">Centre Hospitalier Neuro-Psychiatrique<\/a> (CHNP)<\/li>\n<li><a href=\"https:\/\/rehabilitation.lu\/fr\/\" target=\"_blank\" rel=\"noopener noreferrer\">Centre de R\u00e9habilitation du Ch\u00e2teau de Colpach<\/a> (CRCC).<\/li>\n<\/ul>\n<p>Le secteur hospitalier luxembourgeois est r\u00e9gi par la <strong>loi modifi\u00e9e du 8 mars 2018 relative aux \u00e9tablissements hospitaliers et \u00e0 la planification hospitali\u00e8re<\/strong> et le <strong>Code de la S\u00e9curit\u00e9 Sociale<\/strong>.<\/p>\n","protected":false},"excerpt":{"rendered":"<p>LE SECTEUR HOSPITALIER AU LUXEMBOURG Le secteur hospitalier joue un r\u00f4le central dans le syst\u00e8me de sant\u00e9 national en assurant la prise en charge m\u00e9dico-soignante de l\u2019ensemble des pathologies, en garantissant l\u2019accessibilit\u00e9 aux services m\u00e9dicaux \u00e0 tous les patients et &hellip; <a href=\"https:\/\/fhlux.lu\/web\/le-secteur-hospitalier\/les-etablissements\/\">Continuer la lecture <span class=\"meta-nav\">&rarr;<\/span><\/a><\/p>\n","protected":false},"author":26,"featured_media":0,"parent":477,"menu_order":10,"comment_status":"closed","ping_status":"closed","template":"fullwidth-page.php","meta":[],"_links":{"self":[{"href":"https:\/\/fhlux.lu\/web\/wp-json\/wp\/v2\/pages\/11140"}],"collection":[{"href":"https:\/\/fhlux.lu\/web\/wp-json\/wp\/v2\/pages"}],"about":[{"href":"https:\/\/fhlux.lu\/web\/wp-json\/wp\/v2\/types\/page"}],"author":[{"embeddable":true,"href":"https:\/\/fhlux.lu\/web\/wp-json\/wp\/v2\/users\/26"}],"replies":[{"embeddable":true,"href":"https:\/\/fhlux.lu\/web\/wp-json\/wp\/v2\/comments?post=11140"}],"version-history":[{"count":16,"href":"https:\/\/fhlux.lu\/web\/wp-json\/wp\/v2\/pages\/11140\/revisions"}],"predecessor-version":[{"id":11274,"href":"https:\/\/fhlux.lu\/web\/wp-json\/wp\/v2\/pages\/11140\/revisions\/11274"}],"up":[{"embeddable":true,"href":"https:\/\/fhlux.lu\/web\/wp-json\/wp\/v2\/pages\/477"}],"wp:attachment":[{"href":"https:\/\/fhlux.lu\/web\/wp-json\/wp\/v2\/media?parent=11140"}],"curies":[{"name":"wp","href":"https:\/\/api.w.org\/{rel}","templated":true}]}}