{"id":10890,"date":"2025-01-28T16:42:48","date_gmt":"2025-01-28T15:42:48","guid":{"rendered":"https:\/\/fhlux.lu\/web\/?page_id=10890"},"modified":"2025-12-10T13:52:42","modified_gmt":"2025-12-10T12:52:42","slug":"journee-nationale-du-patient-partenaire","status":"publish","type":"page","link":"https:\/\/fhlux.lu\/web\/info-service\/journee-nationale-du-patient-partenaire\/","title":{"rendered":"PATIENT-PARTENAIRE"},"content":{"rendered":"<h3 style=\"text-align: justify;\"><strong>Le patient-partenaire : un acteur cl\u00e9 du syst\u00e8me de sant\u00e9<\/strong><\/h3>\n<p style=\"text-align: justify;\">La F\u00e9d\u00e9ration des H\u00f4pitaux Luxembourgeois s\u2019engage activement \u00e0 renforcer le r\u00f4le du patient dans son parcours de soins. Le concept de <strong data-start=\"320\" data-end=\"342\">patient-partenaire<\/strong> place le patient au c\u0153ur de la relation de soins, reconnu comme un acteur \u00e0 part enti\u00e8re, capable de contribuer, avec les professionnels de sant\u00e9, \u00e0 des d\u00e9cisions \u00e9clair\u00e9es et partag\u00e9es.<\/p>\n<p style=\"text-align: justify;\">Cette approche vise \u00e0 am\u00e9liorer la qualit\u00e9 des soins, la s\u00e9curit\u00e9 du patient, et la satisfaction globale, tout en valorisant l\u2019expertise v\u00e9cue de chacun. Elle repose sur la transparence, l\u2019\u00e9coute et une collaboration continue entre les \u00e9tablissements hospitaliers, les soignants et les patients.<\/p>\n<p style=\"text-align: justify;\">La FHL soutient les initiatives qui favorisent cette \u00e9volution culturelle et organisationnelle dans le secteur hospitalier luxembourgeois.<\/p>\n<p>&nbsp;<\/p>\n<h3><strong>COPIL Patient-partenaire<\/strong><\/h3>\n<p><em>en construction<\/em><\/p>\n<p>&nbsp;<\/p>\n<h3 style=\"text-align: justify;\"><strong>Journ\u00e9e nationale du patient-partenaire<\/strong><\/h3>\n<p style=\"text-align: justify;\">La Journ\u00e9e nationale du patient-partenaire (JNPP) met \u00e0 l\u2019honneur une vision moderne du soin, centr\u00e9e sur la collaboration entre patients et professionnels de sant\u00e9. Organis\u00e9e chaque ann\u00e9e, cette journ\u00e9e est l\u2019occasion de sensibiliser, d\u2019\u00e9changer et de faire progresser la reconnaissance du patient comme acteur \u00e0 part enti\u00e8re de sa sant\u00e9.<\/p>\n<p><a href=\"https:\/\/fhlux.lu\/web\/agenda\/journees-thematiques\/\">Inscrivez vous pour la JNPP 2025<\/a><\/p>\n<p><a href=\"https:\/\/fhlux.lu\/web\/evenements\/journees-thematiques\/\">D\u00e9couvrez les derni\u00e8res \u00e9ditions de la JNPP<\/a><\/p>\n<p>&nbsp;<\/p>\n<h3><strong>T\u00e9l\u00e9chargements<\/strong><\/h3>\n<p><a href=\"https:\/\/fhlux.lu\/web\/wp-content\/uploads\/2025\/10\/2025-04-30-VADEMECUM_vf.pdf\" target=\"_blank\" rel=\"attachment noopener wp-att-11286 noreferrer\">Guide pratique pour un site web clair et compr\u00e9hensible (vademecum)<\/a><\/p>\n<p style=\"text-align: justify;\">Ce vademecum propose un guide pratique pour aider les associations de patients \u00e0 concevoir et maintenir un site web clair, accessible et compr\u00e9hensible. Il pr\u00e9sente les principes essentiels de communication num\u00e9rique adapt\u00e9s au public patient : structuration de l\u2019information, langage simple, transparence, accessibilit\u00e9, mise \u00e0 jour r\u00e9guli\u00e8re et respect des r\u00e8gles \u00e9thiques. L\u2019objectif est d\u2019offrir aux associations un outil concret pour renforcer leur visibilit\u00e9, cr\u00e9dibilit\u00e9 et impact aupr\u00e8s des patients, familles et partenaires du secteur de la sant\u00e9.<\/p>\n<p>&nbsp;<\/p>\n<p><a href=\"https:\/\/fhlux.lu\/web\/wp-content\/uploads\/2025\/10\/Toolbox_FHL_2024-de.docx\" target=\"_blank\" rel=\"attachment noopener wp-att-11287 noreferrer\">Toolbox Patient-Partenaire (de)<\/a> &#8211;\u00a0<a href=\"https:\/\/fhlux.lu\/web\/wp-content\/uploads\/2025\/10\/Toolbox_FHL_2024.docx\" target=\"_blank\" rel=\"attachment noopener wp-att-11288 noreferrer\">Toolbox Patient-Partenaire (fr)<\/a><\/p>\n<p style=\"text-align: justify;\">L\u2019id\u00e9e de d\u00e9velopper une bo\u00eete \u00e0 outils \u2013 toolbox \u2013 est n\u00e9e dans le but de fournir aux patients-partenaires un ensemble de ressources pratiques leur permettant de s\u2019impliquer activement dans leur parcours de soins. Elle est un outil \u00e9volutif con\u00e7u pour \u00eatre utilis\u00e9 de mani\u00e8re autonome ou en collaboration avec un professionnel de sant\u00e9. Elle s\u2019adresse \u00e9galement aux proches aidants, leur offrant des ressources adapt\u00e9es pour soutenir les patients au quotidien.<\/p>\n<p>&nbsp;<\/p>\n<p><a href=\"https:\/\/fhlux.lu\/web\/wp-content\/uploads\/2025\/12\/Plaidoyer-Patient-partenaire.pdf\" target=\"_blank\" rel=\"attachment noopener wp-att-11344 noreferrer\">Plaidoyer &#8211; Patient partenaire<\/a><\/p>\n<p style=\"text-align: justify;\">Le pr\u00e9sent plaidoyer est l\u2019aboutissement des travaux men\u00e9s lors de la 3e Journ\u00e9e nationale du Patient-Partenaire, organis\u00e9e en d\u00e9cembre 2024. Lors de cet \u00e9v\u00e9nement, patients et professionnels de sant\u00e9 se sont r\u00e9unis dans le cadre d\u2019ateliers participatifs. Ensemble, ils ont dress\u00e9 un \u00e9tat des lieux des initiatives existantes, partag\u00e9 leurs exp\u00e9riences, identifi\u00e9 les freins et formul\u00e9 des propositions concr\u00e8tes pour renforcer et p\u00e9renniser la dynamique du partenariat patient au Luxembourg.<\/p>\n<p>&nbsp;<\/p>\n","protected":false},"excerpt":{"rendered":"<p>Le patient-partenaire : un acteur cl\u00e9 du syst\u00e8me de sant\u00e9 La F\u00e9d\u00e9ration des H\u00f4pitaux Luxembourgeois s\u2019engage activement \u00e0 renforcer le r\u00f4le du patient dans son parcours de soins. Le concept de patient-partenaire place le patient au c\u0153ur de la relation &hellip; <a href=\"https:\/\/fhlux.lu\/web\/info-service\/journee-nationale-du-patient-partenaire\/\">Continuer la lecture <span class=\"meta-nav\">&rarr;<\/span><\/a><\/p>\n","protected":false},"author":27,"featured_media":0,"parent":508,"menu_order":60,"comment_status":"closed","ping_status":"closed","template":"fullwidth-page.php","meta":[],"_links":{"self":[{"href":"https:\/\/fhlux.lu\/web\/wp-json\/wp\/v2\/pages\/10890"}],"collection":[{"href":"https:\/\/fhlux.lu\/web\/wp-json\/wp\/v2\/pages"}],"about":[{"href":"https:\/\/fhlux.lu\/web\/wp-json\/wp\/v2\/types\/page"}],"author":[{"embeddable":true,"href":"https:\/\/fhlux.lu\/web\/wp-json\/wp\/v2\/users\/27"}],"replies":[{"embeddable":true,"href":"https:\/\/fhlux.lu\/web\/wp-json\/wp\/v2\/comments?post=10890"}],"version-history":[{"count":16,"href":"https:\/\/fhlux.lu\/web\/wp-json\/wp\/v2\/pages\/10890\/revisions"}],"predecessor-version":[{"id":11345,"href":"https:\/\/fhlux.lu\/web\/wp-json\/wp\/v2\/pages\/10890\/revisions\/11345"}],"up":[{"embeddable":true,"href":"https:\/\/fhlux.lu\/web\/wp-json\/wp\/v2\/pages\/508"}],"wp:attachment":[{"href":"https:\/\/fhlux.lu\/web\/wp-json\/wp\/v2\/media?parent=10890"}],"curies":[{"name":"wp","href":"https:\/\/api.w.org\/{rel}","templated":true}]}}