{"id":10577,"date":"2024-04-17T16:19:07","date_gmt":"2024-04-17T14:19:07","guid":{"rendered":"https:\/\/fhlux.lu\/web\/?page_id=10577"},"modified":"2026-03-17T10:53:01","modified_gmt":"2026-03-17T09:53:01","slug":"journee-des-droits-des-patients","status":"publish","type":"page","link":"https:\/\/fhlux.lu\/web\/agenda\/journees-thematiques\/journee-des-droits-des-patients\/","title":{"rendered":"Journ\u00e9e Europ\u00e9enne des Droits des Patients 2024"},"content":{"rendered":"<p style=\"text-align: justify;\"><em>\u00ab Les droits et obligations du patient au c\u0153ur de la r\u00e9flexion commune des acteurs du syst\u00e8me de sant\u00e9 ! \u00bb<\/em><\/p>\n<p>&nbsp;<\/p>\n<p><img loading=\"lazy\" class=\"alignnone wp-image-10607 size-large\" src=\"https:\/\/fhlux.lu\/web\/wp-content\/uploads\/2024\/04\/Journee-europeenne-des-droits-des-patients-2024-766x1024.jpg\" alt=\"\" width=\"640\" height=\"856\" srcset=\"https:\/\/fhlux.lu\/web\/wp-content\/uploads\/2024\/04\/Journee-europeenne-des-droits-des-patients-2024-766x1024.jpg 766w, https:\/\/fhlux.lu\/web\/wp-content\/uploads\/2024\/04\/Journee-europeenne-des-droits-des-patients-2024-224x300.jpg 224w, https:\/\/fhlux.lu\/web\/wp-content\/uploads\/2024\/04\/Journee-europeenne-des-droits-des-patients-2024-768x1026.jpg 768w, https:\/\/fhlux.lu\/web\/wp-content\/uploads\/2024\/04\/Journee-europeenne-des-droits-des-patients-2024-1149x1536.jpg 1149w, https:\/\/fhlux.lu\/web\/wp-content\/uploads\/2024\/04\/Journee-europeenne-des-droits-des-patients-2024-1532x2048.jpg 1532w, https:\/\/fhlux.lu\/web\/wp-content\/uploads\/2024\/04\/Journee-europeenne-des-droits-des-patients-2024-scaled.jpg 1915w\" sizes=\"(max-width: 640px) 100vw, 640px\" \/><\/p>\n<p>&nbsp;<\/p>\n<p style=\"text-align: justify;\"><span style=\"font-size: 14pt;\"><strong>LA CONNAISSANCE DES DROITS ET OBLIGATIONS MUTUELLES EST ESSENTIELLE POUR TOUS !<\/strong><\/span><\/p>\n<p>&nbsp;<\/p>\n<p style=\"text-align: justify;\"><strong>LA LOI DU 24 JUILLET 2014 RELATIVE AUX DROITS ET OBLIGATIONS DU PATIENT<\/strong><\/p>\n<p style=\"text-align: justify;\">Le 18 avril, est la <strong>journ\u00e9e europ\u00e9enne des droits du patient<\/strong>. C\u2019est tout d\u2019abord l\u2019occasion de rappeler que tout patient dispose d\u2019un certain nombre de droits au Luxembourg \u00e9nonc\u00e9s, au sein de la <a href=\"https:\/\/data.legilux.public.lu\/filestore\/eli\/etat\/leg\/memorial\/2014\/a140\/fr\/pdf\/eli-etat-leg-memorial-2014-a140-fr-pdf.pdf\" target=\"_blank\" rel=\"noopener noreferrer\">loi modifi\u00e9e du 24 juillet 2014 relative aux droits et obligations du patient<\/a>. Cette loi f\u00eatera, en 2024, son dixi\u00e8me anniversaire.<\/p>\n<p style=\"text-align: justify;\">Ensemble avec les principes de solidarit\u00e9 et d\u2019acc\u00e8s \u00e9quitable aux soins, les droits et obligations du patient sont au c\u0153ur de notre syst\u00e8me de sant\u00e9. Les principaux droits du patient sont:<\/p>\n<ul>\n<li style=\"text-align: justify;\">l\u2019\u00e9gal acc\u00e8s \u00e0 des soins de sant\u00e9 de qualit\u00e9 ;<\/li>\n<li style=\"text-align: justify;\">le libre choix du prestataire ;<\/li>\n<li style=\"text-align: justify;\">le droit d\u2019\u00eatre assist\u00e9 par un accompagnateur ;<\/li>\n<li style=\"text-align: justify;\">le droit \u00e0 l\u2019information sur l\u2019\u00e9tat de sant\u00e9 ;<\/li>\n<li style=\"text-align: justify;\">le droit d\u2019accepter, de refuser et de d\u00e9cider avec le prestataire sa prise en charge ;<\/li>\n<li style=\"text-align: justify;\">le droit \u00e0 un dossier patient et d\u2019y acc\u00e9der ;<\/li>\n<li style=\"text-align: justify;\">le droit \u00e0 la confidentialit\u00e9 et au respect du secret professionnel ;<\/li>\n<li style=\"text-align: justify;\">le droit de d\u00e9signer une personne de confiance ;<\/li>\n<li style=\"text-align: justify;\">le droit de s\u2019exprimer \u00e0 l\u2019avance sur ses soins de sant\u00e9 dans une directive anticip\u00e9e ou une disposition de fin de vie ;<\/li>\n<li style=\"text-align: justify;\">le droit de plainte et celui de s\u2019adresser au service du M\u00e9diateur de la Sant\u00e9.<\/li>\n<\/ul>\n<p style=\"text-align: justify;\">A ces droits s\u2019ajoutent des <strong>obligations du patient<\/strong>, en particulier celle de participer \u00e0 la prestation des soins de sant\u00e9 au travers une collaboration transparente et une information loyale du prestataire, ainsi que l\u2019obligation g\u00e9n\u00e9rale de respecter les droits des prestataires et ceux des autres patients. Plus d\u2019informations sont notamment disponibles sur le site du m\u00e9diateur de la sant\u00e9: <a href=\"http:\/\/www.mediateursante.lu\" target=\"_blank\" rel=\"noopener noreferrer\">www.mediateursante.lu<\/a><\/p>\n<p>&nbsp;<\/p>\n<p style=\"text-align: justify;\"><strong>DES DROITS ET OBLIGATIONS G\u00c9N\u00c9RALEMENT CONNUS<\/strong><\/p>\n<p style=\"text-align: justify;\">Le premier des droits est, tant pour le patient et que pour le professionnel de sant\u00e9, celui de <strong>conna\u00eetre ses droits<\/strong>. Dix ans apr\u00e8s le vote de la loi relative aux droits et obligations du patient, l\u2019on peut se r\u00e9jouir que, d\u2019apr\u00e8s une enqu\u00eate r\u00e9cente <strong>r\u00e9alis\u00e9e en 2023 par la F\u00e9d\u00e9ration des H\u00f4pitaux Luxembourgeois<\/strong> (FHL) au sein des \u00e9tablissements hospitaliers, les droits et obligations sont g\u00e9n\u00e9ralement connus.<\/p>\n<p style=\"text-align: justify;\">En 2024, gr\u00e2ce \u00e0 l\u2019<strong>engagement de la F\u00e9d\u00e9ration COPAS<\/strong> et de ses membres, <strong>cette enqu\u00eate sera compl\u00e9t\u00e9e<\/strong> dans le secteur d\u2019aides et de soins \u00e0 domicile, des structures d\u2019h\u00e9bergement pour personnes \u00e2g\u00e9es et les structures et services pour personnes en situation de handicap.<\/p>\n<p style=\"text-align: justify;\">Si les r\u00e9sultats de l\u2019enqu\u00eate FHL sont encourageants, le th\u00e8me des droits et obligations du patient restera au programme de l\u2019ann\u00e9e 2024 et au-del\u00e0.<\/p>\n<p>&nbsp;<\/p>\n<p style=\"text-align: justify;\"><strong>UN PROGRAMME RICHE PENDANT TOUTE L\u2019ANN\u00c9E 2024 !<\/strong><\/p>\n<p style=\"text-align: justify;\"><em>Save the date : 11 &amp; 12 d\u00e9cembre 2024, European Convention Center Luxembourg.<\/em><\/p>\n<p style=\"text-align: justify;\"><strong>11 D\u00c9CEMBRE 2024 : C\u00c9L\u00c9BRATION DU DIXI\u00c8ME ANNIVERSAIRE DE LA LOI RELATIVE AUX DROITS ET OBLIGATIONS DU PATIENT<\/strong><\/p>\n<p style=\"text-align: justify;\">Le Minist\u00e8re de la Sant\u00e9 et de la S\u00e9curit\u00e9 sociale, le Cercle des Associations de Patients (CAPAT), la F\u00e9d\u00e9ration des H\u00f4pitaux Luxembourgeois (FHL), la F\u00e9d\u00e9ration COPAS et le service du M\u00e9diateur de la Sant\u00e9 se r\u00e9jouissent que <strong>le dixi\u00e8me anniversaire de la loi du 24 juillet 2014 relative aux droits et obligations du patient<\/strong> sera f\u00eat\u00e9 en apr\u00e8s-midi du 11 d\u00e9cembre 2024, en amont de la Journ\u00e9e Nationale du Patient Partenaire. Dans le cadre d\u2019une conf\u00e9rence-d\u00e9bat ayant lieu au European Convention Center, un \u00e9tat des lieux et les perspectives seront discut\u00e9s.<\/p>\n<p style=\"text-align: justify;\"><strong>12 D\u00c9CEMBRE 2024 : 3E \u00c9DITION DE LA JOURN\u00c9E NATIONAL DU PATIENT PARTENAIRE<\/strong><\/p>\n<p style=\"text-align: justify;\">La discussion entre acteurs du syst\u00e8me de sant\u00e9 sera continu\u00e9e le lendemain, 12 d\u00e9cembre. Sous le patronage du Minist\u00e8re de la Sant\u00e9 et de la S\u00e9curit\u00e9 sociale, <strong>la FHL et le CAPAT invitent \u00e0 la 3e \u00e9dition de la Journ\u00e9e nationale du patient partenaire<\/strong> (JNPP). La JNPP est une journ\u00e9e de r\u00e9flexion et de co-construction du partenariat entre patients et prestataires, qui est au c\u0153ur de la loi relative aux droits et obligations du patient.<\/p>\n<p style=\"text-align: justify;\">La conf\u00e9rence-d\u00e9bat sur les droits et obligations du patient du 11 d\u00e9cembre et la journ\u00e9e nationale du patient partenaire du 12 d\u00e9cembre s\u2019adressent tant aux patients et citoyens, qu\u2019aux professionnels du secteur de la sant\u00e9 et des soins. Au-del\u00e0 de ces \u00e9v\u00e8nements phares, plusieurs \u00e9v\u00e8nements sont organis\u00e9s en 2024 par les diff\u00e9rents acteurs, de fa\u00e7on \u00e0 informer sur les droits et obligations du patient et \u00e9changer sur ce sujet aux multiples facettes.<\/p>\n<p style=\"text-align: justify;\"><strong>\u00c9VALUATION DE LA LOI RELATIVE AUX DROITS ET OBLIGATIONS DU PATIENT<\/strong><\/p>\n<p style=\"text-align: justify;\">Le dixi\u00e8me anniversaire de la loi de 2014 est un moment propice pour faire un \u00e9tat des points forts et points d\u2019am\u00e9lioration de notre loi. Le Service du M\u00e9diateur de la Sant\u00e9 lancera ainsi avec le Minist\u00e8re de la Sant\u00e9 et de la S\u00e9curit\u00e9 sociale en 2024 une large consultation (patients, prestataires et experts) de fa\u00e7on \u00e0 recueillir l\u2019avis des uns et des autres sur notre cadre juridique au regard de sa pratique et de l\u2019\u00e9volution de notre soci\u00e9t\u00e9. Ces r\u00e9flexions seront approfondies au courant de l\u2019ann\u00e9e 2025, de fa\u00e7on \u00e0 permettre par la suite d\u2019envisager au besoin une adaptation et modernisation de notre cadre l\u00e9gislatif.<\/p>\n<p>&nbsp;<\/p>\n<p><strong>AGENDA<\/strong><\/p>\n<p>18 avril 2024 &#8211; Journ\u00e9e europ\u00e9enne des droits du patient<\/p>\n<p>11 d\u00e9cembre 2024 &#8211; 10eme anniversaire de la loi relative aux droits et obligations du patient<\/p>\n<p>12 d\u00e9cembre 2024 &#8211; 3e \u00e9dition de la Journ\u00e9e Nationale du Patient Partenaire<\/p>\n<p>&nbsp;<\/p>\n<p><strong>DOCUMENTS<\/strong><\/p>\n<p><a href=\"https:\/\/fhlux.lu\/web\/wp-content\/uploads\/2024\/04\/2024-04-18-Communique-de-presse-vf.pdf\" target=\"_blank\" rel=\"attachment wp-att-10611 noopener noreferrer\">Communiqu\u00e9 de presse du 18 avril 2024<\/a><\/p>\n<p><a href=\"https:\/\/fhlux.lu\/web\/wp-content\/uploads\/2024\/04\/Poster-A1-FHL_JNPP-Resultats-Quiz-pro.pdf\" target=\"_blank\" rel=\"attachment noopener wp-att-10590 noreferrer\">R\u00e9sultats de l&rsquo;enqu\u00eate FHL aupr\u00e8s des professionnels de sant\u00e9<\/a><\/p>\n<p><a href=\"https:\/\/fhlux.lu\/web\/wp-content\/uploads\/2024\/04\/Poster-A1-FHL_JNPP-Resultats-Quiz-patients.pdf\" target=\"_blank\" rel=\"attachment noopener wp-att-10591 noreferrer\">R\u00e9sultats de l&rsquo;enqu\u00eate FHL aupr\u00e8s des patients<\/a><\/p>\n<p>&nbsp;<\/p>\n<p><strong>LIENS UTILES<\/strong><\/p>\n<p><a href=\"https:\/\/data.legilux.public.lu\/filestore\/eli\/etat\/leg\/memorial\/2014\/a140\/fr\/pdf\/eli-etat-leg-memorial-2014-a140-fr-pdf.pdf\" target=\"_blank\" rel=\"noopener noreferrer\">Loi du 24 juillet 2014 relative aux droits et obligations du patient<\/a><\/p>\n<p><a href=\"https:\/\/fhlux.lu\/web\/evenements\/journee-des-droits-des-patients-2023\/\" target=\"_blank\" rel=\"noopener noreferrer\">Journ\u00e9e europ\u00e9enne des droits des patients 2023<\/a><\/p>\n<p><a href=\"https:\/\/mediateursante.public.lu\/fr.html\" target=\"_blank\" rel=\"noopener noreferrer\">Mediateur Sant\u00e9<\/a><\/p>\n<p><a href=\"https:\/\/www.copas.lu\/\" target=\"_blank\" rel=\"noopener noreferrer\">COPAS<\/a><\/p>\n<p>&nbsp;<\/p>\n<p><strong>PARTENAIRES<\/strong><\/p>\n<p><img loading=\"lazy\" class=\"alignnone  wp-image-10119\" src=\"https:\/\/fhlux.lu\/web\/wp-content\/uploads\/2023\/10\/CAPAT.jpg\" alt=\"\" width=\"96\" height=\"73\" \/><img loading=\"lazy\" class=\"alignnone wp-image-10117 size-full\" src=\"https:\/\/fhlux.lu\/web\/wp-content\/uploads\/2023\/10\/COPAS.jpg\" alt=\"\" width=\"143\" height=\"43\" \/><a href=\"https:\/\/fhlux.lu\/web\/evenements\/journee-des-droits-des-patients\/image1\/\" rel=\"attachment wp-att-10586\"><img loading=\"lazy\" class=\"alignnone  wp-image-10586\" src=\"https:\/\/fhlux.lu\/web\/wp-content\/uploads\/2024\/04\/Image1.jpg\" alt=\"\" width=\"117\" height=\"70\" srcset=\"https:\/\/fhlux.lu\/web\/wp-content\/uploads\/2024\/04\/Image1.jpg 359w, https:\/\/fhlux.lu\/web\/wp-content\/uploads\/2024\/04\/Image1-300x180.jpg 300w\" sizes=\"(max-width: 117px) 100vw, 117px\" \/><\/a><a href=\"https:\/\/fhlux.lu\/web\/evenements\/journee-des-droits-des-patients\/gouv_ministere_de_la_sante_et_de_la_securite_sociale_rouge-2\/\" rel=\"attachment wp-att-10598\"><img loading=\"lazy\" class=\"alignnone wp-image-10598 size-medium\" src=\"https:\/\/fhlux.lu\/web\/wp-content\/uploads\/2024\/04\/GOUV_Ministere_de_la_Sante_et_de_la_Securite_sociale_Rouge-300x79.jpg\" alt=\"\" width=\"300\" height=\"79\" srcset=\"https:\/\/fhlux.lu\/web\/wp-content\/uploads\/2024\/04\/GOUV_Ministere_de_la_Sante_et_de_la_Securite_sociale_Rouge-300x79.jpg 300w, https:\/\/fhlux.lu\/web\/wp-content\/uploads\/2024\/04\/GOUV_Ministere_de_la_Sante_et_de_la_Securite_sociale_Rouge-1024x269.jpg 1024w, https:\/\/fhlux.lu\/web\/wp-content\/uploads\/2024\/04\/GOUV_Ministere_de_la_Sante_et_de_la_Securite_sociale_Rouge-768x202.jpg 768w, https:\/\/fhlux.lu\/web\/wp-content\/uploads\/2024\/04\/GOUV_Ministere_de_la_Sante_et_de_la_Securite_sociale_Rouge-1536x404.jpg 1536w, https:\/\/fhlux.lu\/web\/wp-content\/uploads\/2024\/04\/GOUV_Ministere_de_la_Sante_et_de_la_Securite_sociale_Rouge-2048x539.jpg 2048w\" sizes=\"(max-width: 300px) 100vw, 300px\" \/><\/a><\/p>\n","protected":false},"excerpt":{"rendered":"<p>\u00ab Les droits et obligations du patient au c\u0153ur de la r\u00e9flexion commune des acteurs du syst\u00e8me de sant\u00e9 ! \u00bb &nbsp; &nbsp; LA CONNAISSANCE DES DROITS ET OBLIGATIONS MUTUELLES EST ESSENTIELLE POUR TOUS ! &nbsp; LA LOI DU 24 &hellip; <a href=\"https:\/\/fhlux.lu\/web\/agenda\/journees-thematiques\/journee-des-droits-des-patients\/\">Continuer la lecture <span class=\"meta-nav\">&rarr;<\/span><\/a><\/p>\n","protected":false},"author":27,"featured_media":0,"parent":10883,"menu_order":1,"comment_status":"closed","ping_status":"closed","template":"fullwidth-page.php","meta":[],"_links":{"self":[{"href":"https:\/\/fhlux.lu\/web\/wp-json\/wp\/v2\/pages\/10577"}],"collection":[{"href":"https:\/\/fhlux.lu\/web\/wp-json\/wp\/v2\/pages"}],"about":[{"href":"https:\/\/fhlux.lu\/web\/wp-json\/wp\/v2\/types\/page"}],"author":[{"embeddable":true,"href":"https:\/\/fhlux.lu\/web\/wp-json\/wp\/v2\/users\/27"}],"replies":[{"embeddable":true,"href":"https:\/\/fhlux.lu\/web\/wp-json\/wp\/v2\/comments?post=10577"}],"version-history":[{"count":32,"href":"https:\/\/fhlux.lu\/web\/wp-json\/wp\/v2\/pages\/10577\/revisions"}],"predecessor-version":[{"id":11432,"href":"https:\/\/fhlux.lu\/web\/wp-json\/wp\/v2\/pages\/10577\/revisions\/11432"}],"up":[{"embeddable":true,"href":"https:\/\/fhlux.lu\/web\/wp-json\/wp\/v2\/pages\/10883"}],"wp:attachment":[{"href":"https:\/\/fhlux.lu\/web\/wp-json\/wp\/v2\/media?parent=10577"}],"curies":[{"name":"wp","href":"https:\/\/api.w.org\/{rel}","templated":true}]}}