{"id":10106,"date":"2023-10-20T10:40:55","date_gmt":"2023-10-20T08:40:55","guid":{"rendered":"https:\/\/fhlux.lu\/web\/?page_id=10106"},"modified":"2026-03-17T11:20:43","modified_gmt":"2026-03-17T10:20:43","slug":"journee-nationale-du-patient-partenaire-2023","status":"publish","type":"page","link":"https:\/\/fhlux.lu\/web\/agenda\/journees-thematiques\/journee-nationale-du-patient-partenaire-2023\/","title":{"rendered":"Journ\u00e9e nationale du patient partenaire 2023"},"content":{"rendered":"<h2><span style=\"font-size: 14pt; font-family: arial, helvetica, sans-serif;\"><strong>14 d\u00e9cembre 2023 au European Convention Center Luxembourg<\/strong><\/span><\/h2>\n<p><a href=\"https:\/\/fhlux.lu\/web\/wp-content\/uploads\/2023\/12\/Programme-JNPP-2023.pdf\" target=\"_blank\" rel=\"noopener noreferrer\">Programme &#8211; Journ\u00e9e Nationale Patient Partenaire 2023 (PDF)<\/a><\/p>\n<p><span style=\"font-family: arial, helvetica, sans-serif; font-size: 10pt;\">Les pr\u00e9sentations de la journ\u00e9e sont t\u00e9l\u00e9chargeables dans le programme ci-dessous. <br \/>\n<strong>Note : La propri\u00e9t\u00e9 intellectuelle des contenus appartient aux auteurs \/ institutions respectifs. Toute reproduction sans l&rsquo;accord de l&rsquo;auteur est interdite.\u00a0<\/strong> <\/span><\/p>\n<p><span style=\"font-family: arial, helvetica, sans-serif; font-size: 10pt;\"><strong>Allocutions<br \/>\n<\/strong><\/span><\/p>\n<p><span style=\"font-family: arial, helvetica, sans-serif; font-size: 10pt;\">Dr Philippe TURK, Pr\u00e9sident de la FHL<br \/>\n<\/span><span style=\"font-family: arial, helvetica, sans-serif; font-size: 10pt;\">Chantal KELLER, Membre CAPAT<br \/>\n<\/span><span style=\"font-family: arial, helvetica, sans-serif; font-size: 10pt;\">Martine DEPREZ, Ministre de la Sant\u00e9 et de la S\u00e9curit\u00e9 sociale<\/span><\/p>\n<p>&nbsp;<\/p>\n<p><span style=\"font-family: arial, helvetica, sans-serif; font-size: 10pt;\"><strong>Conf\u00e9rence introductive<\/strong><\/span><\/p>\n<p><span style=\"font-family: arial, helvetica, sans-serif; font-size: 10pt;\"><em>Mod\u00e9ration<\/em>: Dr Sarah GARIDI, PhD &#8211; F\u00e9d\u00e9ration des h\u00f4pitaux luxembourgeois<br \/>\n<\/span><\/p>\n<table style=\"width: 640px;\">\n<tbody>\n<tr>\n<td style=\"text-align: left; width: 226.317px;\"><span style=\"font-family: arial, helvetica, sans-serif; font-size: 10pt;\"><a target=\"_blank\" href=\"https:\/\/fhlux.lu\/web\/wp-content\/uploads\/2023\/12\/Slides-FHL-Presentation-de-la-journee-V2.pdf\" rel=\"attachment wp-att-10366 noopener noreferrer\">Pr\u00e9sentation de la journ\u00e9e<\/a><\/span><\/td>\n<td style=\"text-align: left; width: 228px;\"><span style=\"font-family: arial, helvetica, sans-serif; font-size: 10pt;\">Dr Sarah GARIDI, F\u00e9d\u00e9ration des h\u00f4pitaux luxembourgeois<br \/>\n<\/span><\/td>\n<\/tr>\n<tr>\n<td style=\"text-align: left; width: 226.317px;\"><a target=\"_blank\" href=\"https:\/\/fhlux.lu\/web\/wp-content\/uploads\/2023\/12\/PDF-Presentation-Universite-des-Patient.es-S_Luxembourg.pdf\" rel=\"attachment wp-att-10401 noopener noreferrer\"><span style=\"font-family: arial, helvetica, sans-serif; font-size: 10pt;\">L\u2019universit\u00e9 des Patient.e.s &#8211; Sorbonne Universit\u00e9: un exemple de transformation de l\u2019exp\u00e9rience en comp\u00e9tences au service de la collectivit\u00e9 et du partenariat en sant\u00e9<\/span><\/a><\/td>\n<td style=\"text-align: left; width: 228px;\"><span style=\"font-family: arial, helvetica, sans-serif; font-size: 10pt;\">Lennize PEREIRA PAULO &#8211; PhD, Professeure Associ\u00e9e \u00e0 la facult\u00e9 de m\u00e9decine et \u00e0 l\u2019Universit\u00e9 des Patient.e.s &#8211; Sorbonne Universit\u00e9<\/span><\/td>\n<\/tr>\n<tr>\n<td style=\"text-align: left; width: 226.317px;\">\n<p><a target=\"_blank\" href=\"https:\/\/fhlux.lu\/web\/wp-content\/uploads\/2023\/12\/Guy-Behets-Le-partenariat-un-moyen-efficace-pour-vivre-avec-la-maladie.pdf\" rel=\"attachment wp-att-10340 noopener noreferrer\"><span style=\"font-family: arial, helvetica, sans-serif; font-size: 10pt;\">Le partenariat &#8211; un moyen efficace pour vivre avec la maladie<\/span><\/a><\/p>\n<\/td>\n<td style=\"text-align: left; width: 228px;\"><span style=\"font-family: arial, helvetica, sans-serif; font-size: 10pt;\">Guy BEHETS &#8211; Patient partenaire, Clinique St. Pierre O\u01abgnies, Patient expert ACI, Belgique<\/span><\/td>\n<\/tr>\n<tr>\n<td style=\"text-align: left; width: 226.317px;\"><a target=\"_blank\" href=\"https:\/\/fhlux.lu\/web\/wp-content\/uploads\/2023\/12\/So-Yung-Straga-SPX-JNPP-FHL-DEC-2023.pdf\" rel=\"attachment wp-att-10345 noopener noreferrer\"><span style=\"font-family: arial, helvetica, sans-serif; font-size: 10pt;\">Perspective du patient, perspective du soignant, syntonie d&rsquo;une valeur ajout\u00e9e<\/span><\/a><\/td>\n<td style=\"text-align: left; width: 228px;\"><span style=\"font-family: arial, helvetica, sans-serif; font-size: 10pt;\">So Yung STRAGA &#8211; Experte Exp\u00e9rience Patient, Pr\u00e9sidente Shared Patient eXperience &#8211; SPX<\/span><\/td>\n<\/tr>\n<tr>\n<td style=\"text-align: left; width: 226.317px;\"><span style=\"font-family: arial, helvetica, sans-serif; font-size: 10pt;\">Le d\u00e9ploiement du partenariat patient dans le r\u00e9seau des Centres de Lutte Contre le Cancer en France <br \/>\n<\/span><\/td>\n<td style=\"text-align: left; width: 228px;\"><span style=\"font-family: arial, helvetica, sans-serif; font-size: 10pt;\">Emmanuelle HOCHE, Chef de projet \u00ab\u00a0Exp\u00e9rience patient\u00a0\u00bb- Direction de la strat\u00e9gie m\u00e9dicale et de la performance, Unicancer, France<\/span><\/td>\n<\/tr>\n<tr>\n<td style=\"text-align: left; width: 226.317px;\"><a target=\"_blank\" href=\"https:\/\/fhlux.lu\/web\/wp-content\/uploads\/2023\/12\/Sandrine-Lavalle-Le-role-essentiel-des-patients-partenaire-dans-la-recherche.pdf\" rel=\"attachment wp-att-10331 noopener noreferrer\"><span style=\"font-family: arial, helvetica, sans-serif; font-size: 10pt;\">Le r\u00f4le essentiel des patients partenaire dans la recherche<\/span><\/a><\/td>\n<td style=\"text-align: left; width: 228px;\"><span style=\"font-family: arial, helvetica, sans-serif; font-size: 10pt;\">Sandrine LAVALLE &#8211; LIH, Luxembourg Institute of Health &#8211; Plateforme EUPATI, Luxembourg<\/span><\/td>\n<\/tr>\n<\/tbody>\n<\/table>\n<p>&nbsp;<\/p>\n<p><span style=\"font-family: arial, helvetica, sans-serif; font-size: 10pt;\"><strong>Table ronde &#8211; Valoriser le partenariat patient : Quelle place pour la participation des patients et leurs savoirs exp\u00e9rientiels ?<br \/>\n<\/strong><\/span><\/p>\n<p><span style=\"font-family: arial, helvetica, sans-serif; font-size: 10pt;\"><em>Mod\u00e9ration<\/em>: Dan LECOCQ- PhD, Enseignant-Chercheur en Sciences infirmi\u00e8res, Universit\u00e9 de Luxembourg<\/span><\/p>\n<p><span style=\"font-family: arial, helvetica, sans-serif; font-size: 10pt;\">Laure MAILLARD &#8211; Patient partenaire<\/span><br \/>\n<span style=\"font-family: arial, helvetica, sans-serif; font-size: 10pt;\">Xavier PICHERIT &#8211; Patient partenaire, Croix-Rouge luxembourgeoise<\/span><br \/>\n<span style=\"font-family: arial, helvetica, sans-serif; font-size: 10pt;\">Chantal KELLER &#8211; Patient partenaire CAPAT<\/span><br \/>\n<span style=\"font-family: arial, helvetica, sans-serif; font-size: 10pt;\">Monique ISEBAERT-LEEMANS &#8211; Pr\u00e9sidente Amicale des Patients de l\u2019INCCI<\/span><br \/>\n<span style=\"font-family: arial, helvetica, sans-serif; font-size: 10pt;\">Berna TOPALOGLU &#8211; Patient partenaire, LIH<\/span><\/p>\n<p>&nbsp;<\/p>\n<p><span style=\"font-family: arial, helvetica, sans-serif; font-size: 10pt;\"><strong>Exposition de posters<\/strong><\/span><\/p>\n<p>&nbsp;<\/p>\n<p><span style=\"font-family: arial, helvetica, sans-serif; font-size: 10pt;\"><strong>Sessions<\/strong><\/span><\/p>\n<table style=\"width: 640px;\">\n<tbody>\n<tr style=\"height: 19px;\">\n<td style=\"height: 19px; width: 20px; text-align: left;\" colspan=\"2\"><span style=\"font-family: arial, helvetica, sans-serif; font-size: 10pt;\"><strong>Session P : <\/strong><strong>P<\/strong><strong>olitiquement entendu et investi dans l\u2019\u00e9laboration des textes de lois.\u200b<\/strong><br \/>\n<\/span><\/td>\n<\/tr>\n<tr style=\"height: 19px;\">\n<td style=\"height: 19px; width: 259px; text-align: left;\"><span style=\"font-family: arial, helvetica, sans-serif; font-size: 10pt;\">Le patient partenaire engag\u00e9 dans son parcours de soins<br \/>\n<\/span><\/td>\n<td style=\"height: 19px; width: 212px; text-align: left;\"><span style=\"font-family: arial, helvetica, sans-serif; font-size: 10pt;\">Jean-Jacques Repplinger, Direction de la Sant\u00e9, Minist\u00e8re de la Sant\u00e9<\/span><\/td>\n<\/tr>\n<tr style=\"height: 4px;\">\n<td style=\"height: 4px; width: 259px; text-align: left;\"><span style=\"font-family: arial, helvetica, sans-serif; font-size: 10pt;\">Table ronde : L\u2018accompagnement personnalis\u00e9 du patient : Pr\u00e9sentation des conceptes \u00ab\u00a0<a target=\"_blank\" href=\"https:\/\/fhlux.lu\/web\/wp-content\/uploads\/2023\/12\/Amicale-des-Patients-de-lINCCI.pdf\" rel=\"attachment wp-att-10347 noopener noreferrer\">CAREsharer<\/a>\u00a0\u00bb &amp; \u00ab\u00a0Gesundheitslotse\u00a0\u00bb<\/span><\/td>\n<td style=\"height: 4px; width: 212px; text-align: left;\">\n<p><span style=\"font-family: arial, helvetica, sans-serif; font-size: 10pt;\">Shirley FEIDER-ROHEN, Pr\u00e9sidente CAPAT<br \/>\nMonique LEEMAN- ISEBAERT, pr\u00e9sidente Amicale des Patients de l\u2019INCCI<br \/>\nChantal KELLER, pr\u00e9sidente de Bl\u00ebtz<\/span><\/p>\n<\/td>\n<\/tr>\n<tr style=\"height: 27px;\">\n<td style=\"height: 27px; width: 20px; text-align: left;\" colspan=\"2\">\n<p>&nbsp;<\/p>\n<p><span style=\"font-family: arial, helvetica, sans-serif; font-size: 10pt;\"><strong>Session AT : ATtentif \u00e0 sa formation et \u00e0 sa participation \u00e0 la formation des professionnels et des patients et \u00e0 la recherche dans son domaine.\u200b<\/strong> <\/span><\/p>\n<\/td>\n<\/tr>\n<tr style=\"height: 27px;\">\n<td style=\"height: 27px; width: 259px; text-align: left;\">\n<p><span style=\"font-family: arial, helvetica, sans-serif; font-size: 10pt;\">Table ronde : La formation comme incontournable \u00e0 un changement culturel pour un partenariat efficace<\/span><\/p>\n<p><a target=\"_blank\" href=\"https:\/\/fhlux.lu\/web\/wp-content\/uploads\/2023\/12\/Presentation_Programme-FC_CC_journee-PP141223-VF.pdf\" rel=\"attachment wp-att-10403 noopener noreferrer\"><span style=\"font-size: 10pt; font-family: arial, helvetica, sans-serif;\">Programme de formation continue \u00ab\u00a0Patient Partenaire\u00a0\u00bb<\/span><\/a><\/p>\n<\/td>\n<td style=\"height: 27px; width: 212px; text-align: left;\">\n<p><span style=\"font-family: arial, helvetica, sans-serif; font-size: 10pt;\">Dr Sarah GARIDI &#8211; F\u00e9d\u00e9ration des H\u00f4pitaux Luxembourgeois<br \/>\nDan LECOCQ &#8211; Universit\u00e9 de Luxembourg<br \/>\nSandrine LAVALLE &#8211; Luxembourg Institute of Health<br \/>\nCaroline HINDAHL-RIOS &#8211; Competence Center<br \/>\n<\/span><\/p>\n<\/td>\n<\/tr>\n<tr style=\"height: 8px;\">\n<td style=\"height: 8px; width: 259px; text-align: left;\">\n<p><span style=\"font-family: arial, helvetica, sans-serif; font-size: 10pt;\">Pourquoi une formation au partenariat patient ? Ce que nous apprennent les recherches et les patients partenaires sur le sujet <\/span><\/p>\n<p><a target=\"_blank\" href=\"https:\/\/fhlux.lu\/web\/wp-content\/uploads\/2023\/12\/231212_Pre\u0301sentation_2eJPP_FHL.pdf\" rel=\"attachment wp-att-10352 noopener noreferrer\"><span style=\"font-family: arial, helvetica, sans-serif; font-size: 10pt;\">ATtentif \u00e0 sa formation et \u00e0 sa participation \u00e0 la formation des professionnels et des patients et \u00e0 la recherche dans son domaine<\/span><\/a><\/p>\n<\/td>\n<td style=\"height: 8px; width: 212px; text-align: left;\">\n<p><span style=\"font-family: arial, helvetica, sans-serif; font-size: 10pt;\">Sandrine LAVALLE &#8211; Luxembourg Institut of Health<br \/>\n<\/span><span style=\"font-family: arial, helvetica, sans-serif; font-size: 10pt;\">Dan LECOCQ &#8211; Universit\u00e9 de Luxembourg<\/span><\/p>\n<\/td>\n<\/tr>\n<tr style=\"height: 13px;\">\n<td style=\"height: 13px; width: 20px; text-align: left;\" colspan=\"2\">\n<p>&nbsp;<\/p>\n<p><strong><span style=\"font-family: arial, helvetica, sans-serif; font-size: 10pt;\">Session I : Institutionnellement engag\u00e9 dans l\u2019organisation du syst\u00e8me de sant\u00e9 avec un statut l\u00e9gitim\u00e9\u00a0\u00a0\u200b<br \/>\n<\/span><\/strong><\/p>\n<\/td>\n<\/tr>\n<tr style=\"height: 13px;\">\n<td style=\"height: 13px; width: 259px; text-align: left;\"><a target=\"_blank\" href=\"https:\/\/fhlux.lu\/web\/wp-content\/uploads\/2024\/01\/Partenariat_patient_histoire_osmoses_FHL_20231212-pour-site-web.pdf\" rel=\"attachment wp-att-10406 noopener noreferrer\"><span style=\"font-size: 10pt; font-family: arial, helvetica, sans-serif;\">Le partenariat patient: une histoire d&rsquo;osmoses<\/span><\/a><\/td>\n<td style=\"height: 13px; width: 212px; text-align: left;\"><span style=\"font-family: arial, helvetica, sans-serif; font-size: 10pt;\">Marie-Paule SIDON &amp; Sophie WEHENKEL- Centre Hospitalier de Luxembourg\u00a0<\/span><\/td>\n<\/tr>\n<tr style=\"height: 25px;\">\n<td style=\"height: 25px; width: 259px; text-align: left;\"><span style=\"font-family: arial, helvetica, sans-serif; font-size: 10pt;\"><a target=\"_blank\" href=\"https:\/\/fhlux.lu\/web\/wp-content\/uploads\/2023\/12\/Communication-HRS-_-atelier-FHL-2e-journee-nationale-patient-partenaire.pdf\" rel=\"attachment wp-att-10349 noopener noreferrer\">Devenir partenaire : croiser nos regards, renforcer nos liens<\/a><\/span><\/td>\n<td style=\"height: 25px; width: 212px; text-align: left;\"><span style=\"font-family: arial, helvetica, sans-serif; font-size: 10pt;\">Christine VOLCKAERT &amp; Laura VIN &#8211; H\u00f4pitaux Robert Schuman<\/span><\/td>\n<\/tr>\n<tr style=\"height: 36.4668px;\">\n<td style=\"height: 36.4668px; width: 259px; text-align: left;\">\n<p><span style=\"font-family: arial, helvetica, sans-serif; font-size: 10pt;\"><a target=\"_blank\" href=\"https:\/\/fhlux.lu\/web\/wp-content\/uploads\/2024\/02\/CHEM-23_presentation-JNPP_Maternite-avec-images.pdf\" rel=\"attachment wp-att-10415 noopener noreferrer\">Le patient en pr\u00e9, per et post natal: partenaire privil\u00e9gi\u00e9e au CHEM<\/a><\/span><\/p>\n<\/td>\n<td style=\"height: 36.4668px; width: 212px; text-align: left;\">\n<p><span style=\"font-family: arial, helvetica, sans-serif; font-size: 10pt;\">Virginie OTTO &#8211; Centre Hospitalier Emile Mayrisch<\/span><\/p>\n<\/td>\n<\/tr>\n<tr style=\"height: 36.4668px;\">\n<td style=\"height: 36.4668px; width: 259px; text-align: left;\">\n<p><span style=\"font-family: arial, helvetica, sans-serif; font-size: 10pt;\"><a target=\"_blank\" href=\"https:\/\/fhlux.lu\/web\/wp-content\/uploads\/2023\/12\/Mediateur-hospitalier-quel-profil-definitif.pdf\" rel=\"attachment wp-att-10346 noopener noreferrer\">La m\u00e9diation \u00e0 l&rsquo;h\u00f4pital: quel(s) profil(s)<\/a><\/span><\/p>\n<\/td>\n<td style=\"height: 36.4668px; width: 212px; text-align: left;\">\n<p><span style=\"font-family: arial, helvetica, sans-serif; font-size: 10pt;\">Vinciane DEROUAUX et Dr Jean-Marc CLOOS &#8211; Centre Hospitalier du Nord<\/span><\/p>\n<\/td>\n<\/tr>\n<tr style=\"height: 20px;\">\n<td style=\"height: 20px; width: 20px; text-align: left;\" colspan=\"2\">\n<p>&nbsp;<\/p>\n<p><strong><span style=\"font-family: arial, helvetica, sans-serif; font-size: 10pt;\">Session EN : ENvironnement int\u00e9grant le patient et permettant son expression et sa capacit\u00e9 d\u2019agir\u200b <\/span><\/strong><\/p>\n<\/td>\n<\/tr>\n<tr style=\"height: 20px;\">\n<td style=\"height: 20px; width: 259px; text-align: left;\"><span style=\"font-family: arial, helvetica, sans-serif; font-size: 10pt;\">Le patient comme partenaire en r\u00e9habilitation psychiatrique\u00a0<\/span><\/td>\n<td style=\"height: 20px; width: 212px; text-align: left;\">\n<p><span style=\"font-family: arial, helvetica, sans-serif; font-size: 10pt;\">Dr Mark RITZEN &#8211; Centre Hospitalier NeuroPsychiatrique<\/span><\/p>\n<\/td>\n<\/tr>\n<tr style=\"height: 24px;\">\n<td style=\"height: 24px; width: 259px; text-align: left;\"><span style=\"font-family: arial, helvetica, sans-serif; font-size: 10pt;\"><a href=\"https:\/\/fhlux.lu\/web\/wp-content\/uploads\/2023\/12\/Presentation-PP-14-12-23-CFB.pdf\" target=\"_blank\" rel=\"attachment wp-att-10399 noopener noreferrer\">Le projet Patient Partenaire au Centre Francois Baclesse<\/a><\/span><\/td>\n<td style=\"height: 24px; width: 212px; text-align: left;\"><span style=\"font-family: arial, helvetica, sans-serif; font-size: 10pt;\">Centre Francois Baclesse\u00a0<\/span><\/td>\n<\/tr>\n<tr style=\"height: 33px;\">\n<td style=\"height: 33px; width: 259px; text-align: left;\"><a target=\"_blank\" href=\"https:\/\/fhlux.lu\/web\/wp-content\/uploads\/2023\/12\/JNPP23_CRL.pdf\" rel=\"attachment wp-att-10362 noopener noreferrer\"><span style=\"font-family: arial, helvetica, sans-serif; font-size: 10pt;\">De l\u2019exposome \u00e0 la cr\u00e9ation de valeur : les cl\u00e9s d\u2019un partenariat<\/span><\/a><\/td>\n<td style=\"height: 33px; width: 212px; text-align: left;\"><span style=\"font-family: arial, helvetica, sans-serif; font-size: 10pt;\">Dr Joachim RENOUPREZ &amp; Julien MACCIONI &#8211; Croix-Rouge luxembourgeoise\u00a0<\/span><\/td>\n<\/tr>\n<tr style=\"height: 5px;\">\n<td style=\"height: 5px; width: 20px; text-align: left;\" colspan=\"2\">\n<p>&nbsp;<\/p>\n<p><strong><span style=\"font-family: arial, helvetica, sans-serif; font-size: 10pt;\">Session T : Techniquement soutenu par des technologies de l\u2019information et de la communication\u200b<br \/>\n<\/span><\/strong><\/p>\n<\/td>\n<\/tr>\n<tr style=\"height: 5px;\">\n<td style=\"height: 5px; width: 259px; text-align: left;\"><span style=\"font-family: arial, helvetica, sans-serif; font-size: 10pt;\">Toolbox patient-partenaire &#8211; Un outil d&#8217;empowerment \u00e0 port\u00e9e de tous <\/span><\/td>\n<td style=\"height: 5px; width: 212px; text-align: left;\"><span style=\"font-family: arial, helvetica, sans-serif; font-size: 10pt;\">Emeline MERTENS &#8211; Pa\u00efperleck<\/span><\/td>\n<\/tr>\n<tr style=\"height: 4px;\">\n<td style=\"height: 4px;\"><span style=\"font-family: arial, helvetica, sans-serif; font-size: 10pt;\">De la prise en compte\u00a0 de l\u2019exp\u00e9rience patient \u00e0 la cr\u00e9ation d\u2019un Comit\u00e9 Patient<\/span><\/td>\n<td style=\"height: 4px; width: 212px; text-align: left;\"><span style=\"font-family: arial, helvetica, sans-serif; font-size: 10pt;\">Edith JUNG- Rehazenter Centre de R\u00e9\u00e9ducation fonctionnelle et de R\u00e9adaptation<\/span><\/td>\n<\/tr>\n<\/tbody>\n<\/table>\n<p>&nbsp;<\/p>\n<p><span style=\"font-family: arial, helvetica, sans-serif; font-size: 10pt;\"><strong>Cl\u00f4ture de la journ\u00e9e<br \/>\n<\/strong><\/span><\/p>\n<p><a target=\"_blank\" href=\"https:\/\/fhlux.lu\/web\/wp-content\/uploads\/2023\/12\/Cloture-JNPP.pdf\" rel=\"attachment wp-att-10358 noopener noreferrer\"><span style=\"font-family: arial, helvetica, sans-serif; font-size: 10pt;\">Guillaume SCHAACK, F\u00e9d\u00e9ration des h\u00f4pitaux luxembourgeois<\/span><\/a><\/p>\n<p>&nbsp;<\/p>\n<p><span style=\"font-family: arial, helvetica, sans-serif; font-size: 10pt;\"><strong>Presse<\/strong><\/span><\/p>\n<p><span style=\"font-family: arial, helvetica, sans-serif; font-size: 10pt;\"><a href=\"https:\/\/lequotidien.lu\/politique-societe\/le-patient-acteur-de-soins\/\" target=\"_blank\" rel=\"noopener noreferrer\">Le patient, acteur de soins (Le Quotidien, 12 d\u00e9cembre 2023)<\/a><\/span><\/p>\n<p><span style=\"font-family: arial, helvetica, sans-serif; font-size: 10pt;\"><a href=\"https:\/\/www.rtl.lu\/radio\/invite-vun-der-redaktioun\/a\/2147935.html\" target=\"_blank\" rel=\"noopener noreferrer\">Patient-Partenaire: De Patient aktiv mat abannen (RTL Radio, 13 d\u00e9cembre 2023)<\/a><br \/>\n<\/span><\/p>\n<p>&nbsp;<\/p>\n<p><span style=\"font-size: 10pt; font-family: arial, helvetica, sans-serif;\"><strong>Avec le soutien de<\/strong><\/span><\/p>\n<p><span style=\"font-family: arial, helvetica, sans-serif; font-size: 10pt;\"><img loading=\"lazy\" class=\"alignnone  wp-image-10116\" src=\"https:\/\/fhlux.lu\/web\/wp-content\/uploads\/2023\/10\/Unillu.jpg\" alt=\"\" width=\"65\" height=\"55\" \/> <img loading=\"lazy\" class=\"alignnone wp-image-10118 \" src=\"https:\/\/fhlux.lu\/web\/wp-content\/uploads\/2023\/10\/Compet.jpg\" alt=\"\" width=\"280\" height=\"76\" srcset=\"https:\/\/fhlux.lu\/web\/wp-content\/uploads\/2023\/10\/Compet.jpg 468w, https:\/\/fhlux.lu\/web\/wp-content\/uploads\/2023\/10\/Compet-300x81.jpg 300w\" sizes=\"(max-width: 280px) 100vw, 280px\" \/> <a href=\"https:\/\/fhlux.lu\/web\/evenements\/journee-nationale-du-patient-partenaire\/lih\/\" rel=\"attachment wp-att-10313\"><img loading=\"lazy\" class=\"alignnone wp-image-10313 \" src=\"https:\/\/fhlux.lu\/web\/wp-content\/uploads\/2023\/12\/LIH-300x109.png\" alt=\"\" width=\"217\" height=\"79\" srcset=\"https:\/\/fhlux.lu\/web\/wp-content\/uploads\/2023\/12\/LIH-300x109.png 300w, https:\/\/fhlux.lu\/web\/wp-content\/uploads\/2023\/12\/LIH.png 373w\" sizes=\"(max-width: 217px) 100vw, 217px\" \/><\/a><img loading=\"lazy\" class=\"alignnone  wp-image-10119\" src=\"https:\/\/fhlux.lu\/web\/wp-content\/uploads\/2023\/10\/CAPAT.jpg\" alt=\"\" width=\"96\" height=\"73\" \/><img loading=\"lazy\" class=\"alignnone wp-image-10117 \" src=\"https:\/\/fhlux.lu\/web\/wp-content\/uploads\/2023\/10\/COPAS.jpg\" alt=\"\" width=\"143\" height=\"43\" \/><strong><img loading=\"lazy\" class=\"size-medium wp-image-10153 aligncenter\" src=\"https:\/\/fhlux.lu\/web\/wp-content\/uploads\/2023\/10\/GOUV_MSAN_Direction-de-la-sante_Rouge-1-300x103.jpg\" alt=\"\" width=\"300\" height=\"103\" srcset=\"https:\/\/fhlux.lu\/web\/wp-content\/uploads\/2023\/10\/GOUV_MSAN_Direction-de-la-sante_Rouge-1-300x103.jpg 300w, https:\/\/fhlux.lu\/web\/wp-content\/uploads\/2023\/10\/GOUV_MSAN_Direction-de-la-sante_Rouge-1-1024x350.jpg 1024w, https:\/\/fhlux.lu\/web\/wp-content\/uploads\/2023\/10\/GOUV_MSAN_Direction-de-la-sante_Rouge-1-768x263.jpg 768w, https:\/\/fhlux.lu\/web\/wp-content\/uploads\/2023\/10\/GOUV_MSAN_Direction-de-la-sante_Rouge-1-1536x525.jpg 1536w, https:\/\/fhlux.lu\/web\/wp-content\/uploads\/2023\/10\/GOUV_MSAN_Direction-de-la-sante_Rouge-1-2048x701.jpg 2048w\" sizes=\"(max-width: 300px) 100vw, 300px\" \/><\/strong><\/span><\/p>\n<p>&nbsp;<\/p>\n<p>&nbsp;<\/p>\n<p><span style=\"font-family: arial, helvetica, sans-serif; font-size: 10pt;\">Revivez la 1\u00e8re \u00e9dition de la <a href=\"https:\/\/fhlux.lu\/web\/evenements\/journee-nationale-du-patient-partenaire-2022\/\">Journ\u00e9e nationale du patient partenaire 2022<\/a><\/span><\/p>\n","protected":false},"excerpt":{"rendered":"<p>14 d\u00e9cembre 2023 au European Convention Center Luxembourg Programme &#8211; Journ\u00e9e Nationale Patient Partenaire 2023 (PDF) Les pr\u00e9sentations de la journ\u00e9e sont t\u00e9l\u00e9chargeables dans le programme ci-dessous. Note : La propri\u00e9t\u00e9 intellectuelle des contenus appartient aux auteurs \/ institutions respectifs. &hellip; <a href=\"https:\/\/fhlux.lu\/web\/agenda\/journees-thematiques\/journee-nationale-du-patient-partenaire-2023\/\">Continuer la lecture <span class=\"meta-nav\">&rarr;<\/span><\/a><\/p>\n","protected":false},"author":27,"featured_media":0,"parent":10883,"menu_order":2,"comment_status":"closed","ping_status":"closed","template":"fullwidth-page.php","meta":[],"_links":{"self":[{"href":"https:\/\/fhlux.lu\/web\/wp-json\/wp\/v2\/pages\/10106"}],"collection":[{"href":"https:\/\/fhlux.lu\/web\/wp-json\/wp\/v2\/pages"}],"about":[{"href":"https:\/\/fhlux.lu\/web\/wp-json\/wp\/v2\/types\/page"}],"author":[{"embeddable":true,"href":"https:\/\/fhlux.lu\/web\/wp-json\/wp\/v2\/users\/27"}],"replies":[{"embeddable":true,"href":"https:\/\/fhlux.lu\/web\/wp-json\/wp\/v2\/comments?post=10106"}],"version-history":[{"count":155,"href":"https:\/\/fhlux.lu\/web\/wp-json\/wp\/v2\/pages\/10106\/revisions"}],"predecessor-version":[{"id":11461,"href":"https:\/\/fhlux.lu\/web\/wp-json\/wp\/v2\/pages\/10106\/revisions\/11461"}],"up":[{"embeddable":true,"href":"https:\/\/fhlux.lu\/web\/wp-json\/wp\/v2\/pages\/10883"}],"wp:attachment":[{"href":"https:\/\/fhlux.lu\/web\/wp-json\/wp\/v2\/media?parent=10106"}],"curies":[{"name":"wp","href":"https:\/\/api.w.org\/{rel}","templated":true}]}}